{"id":74273,"date":"2025-01-19T14:34:07","date_gmt":"2025-01-19T20:34:07","guid":{"rendered":"https:\/\/amgpromocionales.com.mx\/?post_type=product&#038;p=74273"},"modified":"2025-01-21T00:19:47","modified_gmt":"2025-01-21T06:19:47","slug":"audifonos-saue","status":"publish","type":"product","link":"https:\/\/amgpromocionales.mx\/en\/shop\/audifonos-saue\/","title":{"rendered":"Aud\u00edfonos Saue."},"content":{"rendered":"<p>Set de aud\u00edfonos con\u00a0conexi\u00f3n de sonido sin cables, con estuche de carga. Distancia de transmisi\u00f3n de 9.9 m. Tiempo de reproducci\u00f3n de 4 a 5 horas. Puerto de carga tipo-C. Capacidad de bater\u00eda de estuche de 250 mAh y de los aud\u00edfonos de 30 mAh.<\/p>","protected":false},"excerpt":{"rendered":"<p>Set de aud\u00edfonos con\u00a0conexi\u00f3n de sonido sin cables, con estuche de carga. Distancia de transmisi\u00f3n de 9.9 m. Tiempo de reproducci\u00f3n de 4 a 5 horas. Puerto de carga tipo-C. Capacidad de bater\u00eda de estuche de 250 mAh y de los aud\u00edfonos de 30 mAh.<\/p>","protected":false},"featured_media":68714,"comment_status":"closed","ping_status":"closed","template":"","meta":[],"genre":[],"product_cat":[320,398],"product_tag":[],"class_list":{"0":"post-74273","1":"product","2":"type-product","3":"status-publish","4":"has-post-thumbnail","6":"product_cat-audifonos","7":"product_cat-ver-todo-tecnologia","9":"first","10":"instock","11":"shipping-taxable","12":"purchasable","13":"product-type-variable"},"_links":{"self":[{"href":"https:\/\/amgpromocionales.mx\/en\/wp-json\/wp\/v2\/product\/74273","targetHints":{"allow":["GET"]}}],"collection":[{"href":"https:\/\/amgpromocionales.mx\/en\/wp-json\/wp\/v2\/product"}],"about":[{"href":"https:\/\/amgpromocionales.mx\/en\/wp-json\/wp\/v2\/types\/product"}],"replies":[{"embeddable":true,"href":"https:\/\/amgpromocionales.mx\/en\/wp-json\/wp\/v2\/comments?post=74273"}],"wp:featuredmedia":[{"embeddable":true,"href":"https:\/\/amgpromocionales.mx\/en\/wp-json\/wp\/v2\/media\/68714"}],"wp:attachment":[{"href":"https:\/\/amgpromocionales.mx\/en\/wp-json\/wp\/v2\/media?parent=74273"}],"wp:term":[{"taxonomy":"product_brand","embeddable":true,"href":"https:\/\/amgpromocionales.mx\/en\/wp-json\/wp\/v2\/genre?post=74273"},{"taxonomy":"product_cat","embeddable":true,"href":"https:\/\/amgpromocionales.mx\/en\/wp-json\/wp\/v2\/product_cat?post=74273"},{"taxonomy":"product_tag","embeddable":true,"href":"https:\/\/amgpromocionales.mx\/en\/wp-json\/wp\/v2\/product_tag?post=74273"}],"curies":[{"name":"wp","href":"https:\/\/api.w.org\/{rel}","templated":true}]}}