{"id":74271,"date":"2025-01-19T14:34:05","date_gmt":"2025-01-19T20:34:05","guid":{"rendered":"https:\/\/amgpromocionales.com.mx\/?post_type=product&#038;p=74271"},"modified":"2025-01-21T00:24:09","modified_gmt":"2025-01-21T06:24:09","slug":"cargador-bonelli","status":"publish","type":"product","link":"https:\/\/amgpromocionales.mx\/en\/shop\/cargador-bonelli\/","title":{"rendered":"Cargador Bonelli."},"content":{"rendered":"<p>Cargador inal\u00e1mbrico fabricado en pl\u00e1stico\u00a04 en 1 (celular, l\u00e1mpara, aud\u00edfonos y reloj inteligente) de 15 w con l\u00e1mpara led t\u00e1ctil e interfaz de carga adicional para smart watch.<\/p>","protected":false},"excerpt":{"rendered":"<p>Cargador inal\u00e1mbrico fabricado en pl\u00e1stico\u00a04 en 1 (celular, l\u00e1mpara, aud\u00edfonos y reloj inteligente) de 15 w con l\u00e1mpara led t\u00e1ctil e interfaz de carga adicional para smart watch.<\/p>","protected":false},"featured_media":68756,"comment_status":"closed","ping_status":"closed","template":"","meta":[],"genre":[],"product_cat":[322,398],"product_tag":[],"class_list":{"0":"post-74271","1":"product","2":"type-product","3":"status-publish","4":"has-post-thumbnail","6":"product_cat-cargadores-y-accesorios","7":"product_cat-ver-todo-tecnologia","9":"first","10":"instock","11":"shipping-taxable","12":"purchasable","13":"product-type-variable"},"_links":{"self":[{"href":"https:\/\/amgpromocionales.mx\/en\/wp-json\/wp\/v2\/product\/74271","targetHints":{"allow":["GET"]}}],"collection":[{"href":"https:\/\/amgpromocionales.mx\/en\/wp-json\/wp\/v2\/product"}],"about":[{"href":"https:\/\/amgpromocionales.mx\/en\/wp-json\/wp\/v2\/types\/product"}],"replies":[{"embeddable":true,"href":"https:\/\/amgpromocionales.mx\/en\/wp-json\/wp\/v2\/comments?post=74271"}],"wp:featuredmedia":[{"embeddable":true,"href":"https:\/\/amgpromocionales.mx\/en\/wp-json\/wp\/v2\/media\/68756"}],"wp:attachment":[{"href":"https:\/\/amgpromocionales.mx\/en\/wp-json\/wp\/v2\/media?parent=74271"}],"wp:term":[{"taxonomy":"product_brand","embeddable":true,"href":"https:\/\/amgpromocionales.mx\/en\/wp-json\/wp\/v2\/genre?post=74271"},{"taxonomy":"product_cat","embeddable":true,"href":"https:\/\/amgpromocionales.mx\/en\/wp-json\/wp\/v2\/product_cat?post=74271"},{"taxonomy":"product_tag","embeddable":true,"href":"https:\/\/amgpromocionales.mx\/en\/wp-json\/wp\/v2\/product_tag?post=74271"}],"curies":[{"name":"wp","href":"https:\/\/api.w.org\/{rel}","templated":true}]}}