{"id":74267,"date":"2025-01-19T14:34:04","date_gmt":"2025-01-19T20:34:04","guid":{"rendered":"https:\/\/amgpromocionales.com.mx\/?post_type=product&#038;p=74267"},"modified":"2025-01-21T00:27:05","modified_gmt":"2025-01-21T06:27:05","slug":"power-bank-bimini","status":"publish","type":"product","link":"https:\/\/amgpromocionales.mx\/en\/shop\/power-bank-bimini\/","title":{"rendered":"Power bank Bimini."},"content":{"rendered":"<p>Power bank con dise\u00f1o circular, fabricada en pl\u00e1stico ABS, un material duradero y resistente, incluye 4 cables de carga integrados, cuenta con correa para f\u00e1cil transporte. El dise\u00f1o circular no solo es est\u00e9ticamente atractivo, sino que tambi\u00e9n aporta una ergonom\u00eda \u00fanica. Capacidad de 10,000 mAh.<\/p>","protected":false},"excerpt":{"rendered":"<p>Power bank con dise\u00f1o circular, fabricada en pl\u00e1stico ABS, un material duradero y resistente, incluye 4 cables de carga integrados, cuenta con correa para f\u00e1cil transporte. El dise\u00f1o circular no solo es est\u00e9ticamente atractivo, sino que tambi\u00e9n aporta una ergonom\u00eda \u00fanica. Capacidad de 10,000 mAh.<\/p>","protected":false},"featured_media":70603,"comment_status":"closed","ping_status":"closed","template":"","meta":[],"genre":[],"product_cat":[321,398],"product_tag":[],"class_list":{"0":"post-74267","1":"product","2":"type-product","3":"status-publish","4":"has-post-thumbnail","6":"product_cat-power-banks","7":"product_cat-ver-todo-tecnologia","9":"first","10":"instock","11":"shipping-taxable","12":"purchasable","13":"product-type-variable"},"_links":{"self":[{"href":"https:\/\/amgpromocionales.mx\/en\/wp-json\/wp\/v2\/product\/74267","targetHints":{"allow":["GET"]}}],"collection":[{"href":"https:\/\/amgpromocionales.mx\/en\/wp-json\/wp\/v2\/product"}],"about":[{"href":"https:\/\/amgpromocionales.mx\/en\/wp-json\/wp\/v2\/types\/product"}],"replies":[{"embeddable":true,"href":"https:\/\/amgpromocionales.mx\/en\/wp-json\/wp\/v2\/comments?post=74267"}],"wp:featuredmedia":[{"embeddable":true,"href":"https:\/\/amgpromocionales.mx\/en\/wp-json\/wp\/v2\/media\/70603"}],"wp:attachment":[{"href":"https:\/\/amgpromocionales.mx\/en\/wp-json\/wp\/v2\/media?parent=74267"}],"wp:term":[{"taxonomy":"product_brand","embeddable":true,"href":"https:\/\/amgpromocionales.mx\/en\/wp-json\/wp\/v2\/genre?post=74267"},{"taxonomy":"product_cat","embeddable":true,"href":"https:\/\/amgpromocionales.mx\/en\/wp-json\/wp\/v2\/product_cat?post=74267"},{"taxonomy":"product_tag","embeddable":true,"href":"https:\/\/amgpromocionales.mx\/en\/wp-json\/wp\/v2\/product_tag?post=74267"}],"curies":[{"name":"wp","href":"https:\/\/api.w.org\/{rel}","templated":true}]}}