{"id":74266,"date":"2025-01-19T14:34:03","date_gmt":"2025-01-19T20:34:03","guid":{"rendered":"https:\/\/amgpromocionales.com.mx\/?post_type=product&#038;p=74266"},"modified":"2025-01-21T00:27:05","modified_gmt":"2025-01-21T06:27:05","slug":"power-bank-acklins","status":"publish","type":"product","link":"https:\/\/amgpromocionales.mx\/en\/shop\/power-bank-acklins\/","title":{"rendered":"Power Bank Acklins."},"content":{"rendered":"<p>Power bank magn\u00e9tico\u00a0fabricado en pl\u00e1stico ABS+PC, inal\u00e1mbrico port\u00e1til capacidad de 10,000 mAh, bater\u00eda externa, carga r\u00e1pida 20 W, Wireless 15 W, compatible con USB-C.<\/p>","protected":false},"excerpt":{"rendered":"<p>Power bank magn\u00e9tico\u00a0fabricado en pl\u00e1stico ABS+PC, inal\u00e1mbrico port\u00e1til capacidad de 10,000 mAh, bater\u00eda externa, carga r\u00e1pida 20 W, Wireless 15 W, compatible con USB-C.<\/p>","protected":false},"featured_media":68796,"comment_status":"closed","ping_status":"closed","template":"","meta":[],"genre":[],"product_cat":[321,398],"product_tag":[],"class_list":{"0":"post-74266","1":"product","2":"type-product","3":"status-publish","4":"has-post-thumbnail","6":"product_cat-power-banks","7":"product_cat-ver-todo-tecnologia","9":"first","10":"instock","11":"shipping-taxable","12":"purchasable","13":"product-type-variable"},"_links":{"self":[{"href":"https:\/\/amgpromocionales.mx\/en\/wp-json\/wp\/v2\/product\/74266","targetHints":{"allow":["GET"]}}],"collection":[{"href":"https:\/\/amgpromocionales.mx\/en\/wp-json\/wp\/v2\/product"}],"about":[{"href":"https:\/\/amgpromocionales.mx\/en\/wp-json\/wp\/v2\/types\/product"}],"replies":[{"embeddable":true,"href":"https:\/\/amgpromocionales.mx\/en\/wp-json\/wp\/v2\/comments?post=74266"}],"wp:featuredmedia":[{"embeddable":true,"href":"https:\/\/amgpromocionales.mx\/en\/wp-json\/wp\/v2\/media\/68796"}],"wp:attachment":[{"href":"https:\/\/amgpromocionales.mx\/en\/wp-json\/wp\/v2\/media?parent=74266"}],"wp:term":[{"taxonomy":"product_brand","embeddable":true,"href":"https:\/\/amgpromocionales.mx\/en\/wp-json\/wp\/v2\/genre?post=74266"},{"taxonomy":"product_cat","embeddable":true,"href":"https:\/\/amgpromocionales.mx\/en\/wp-json\/wp\/v2\/product_cat?post=74266"},{"taxonomy":"product_tag","embeddable":true,"href":"https:\/\/amgpromocionales.mx\/en\/wp-json\/wp\/v2\/product_tag?post=74266"}],"curies":[{"name":"wp","href":"https:\/\/api.w.org\/{rel}","templated":true}]}}