{"id":74264,"date":"2025-01-19T14:34:01","date_gmt":"2025-01-19T20:34:01","guid":{"rendered":"https:\/\/amgpromocionales.com.mx\/?post_type=product&#038;p=74264"},"modified":"2025-01-21T00:21:13","modified_gmt":"2025-01-21T06:21:13","slug":"bocina-laya","status":"publish","type":"product","link":"https:\/\/amgpromocionales.mx\/en\/shop\/bocina-laya\/","title":{"rendered":"Bocina Laya."},"content":{"rendered":"<p>Bocina con\u00a0conexi\u00f3n de sonido sin cables, port\u00e1til con correa. Tiene un dise\u00f1o compacto para llevarla a cualquier lado adem\u00e1s de una correa ergon\u00f3mica para f\u00e1cil transporte. Cuenta con ranura para tarjeta TF y es compatible con dispositivos de conexi\u00f3n sin cables.\u00a0 Incluye caja de cart\u00f3n individual y cable de carga USB.<\/p>","protected":false},"excerpt":{"rendered":"<p>Bocina con\u00a0conexi\u00f3n de sonido sin cables, port\u00e1til con correa. Tiene un dise\u00f1o compacto para llevarla a cualquier lado adem\u00e1s de una correa ergon\u00f3mica para f\u00e1cil transporte. Cuenta con ranura para tarjeta TF y es compatible con dispositivos de conexi\u00f3n sin cables.\u00a0 Incluye caja de cart\u00f3n individual y cable de carga USB.<\/p>","protected":false},"featured_media":68851,"comment_status":"closed","ping_status":"closed","template":"","meta":[],"genre":[],"product_cat":[319,398],"product_tag":[],"class_list":{"0":"post-74264","1":"product","2":"type-product","3":"status-publish","4":"has-post-thumbnail","6":"product_cat-bocinas","7":"product_cat-ver-todo-tecnologia","9":"first","10":"instock","11":"shipping-taxable","12":"purchasable","13":"product-type-variable"},"_links":{"self":[{"href":"https:\/\/amgpromocionales.mx\/en\/wp-json\/wp\/v2\/product\/74264","targetHints":{"allow":["GET"]}}],"collection":[{"href":"https:\/\/amgpromocionales.mx\/en\/wp-json\/wp\/v2\/product"}],"about":[{"href":"https:\/\/amgpromocionales.mx\/en\/wp-json\/wp\/v2\/types\/product"}],"replies":[{"embeddable":true,"href":"https:\/\/amgpromocionales.mx\/en\/wp-json\/wp\/v2\/comments?post=74264"}],"wp:featuredmedia":[{"embeddable":true,"href":"https:\/\/amgpromocionales.mx\/en\/wp-json\/wp\/v2\/media\/68851"}],"wp:attachment":[{"href":"https:\/\/amgpromocionales.mx\/en\/wp-json\/wp\/v2\/media?parent=74264"}],"wp:term":[{"taxonomy":"product_brand","embeddable":true,"href":"https:\/\/amgpromocionales.mx\/en\/wp-json\/wp\/v2\/genre?post=74264"},{"taxonomy":"product_cat","embeddable":true,"href":"https:\/\/amgpromocionales.mx\/en\/wp-json\/wp\/v2\/product_cat?post=74264"},{"taxonomy":"product_tag","embeddable":true,"href":"https:\/\/amgpromocionales.mx\/en\/wp-json\/wp\/v2\/product_tag?post=74264"}],"curies":[{"name":"wp","href":"https:\/\/api.w.org\/{rel}","templated":true}]}}