{"id":74263,"date":"2025-01-19T14:34:01","date_gmt":"2025-01-19T20:34:01","guid":{"rendered":"https:\/\/amgpromocionales.com.mx\/?post_type=product&#038;p=74263"},"modified":"2025-01-21T00:21:12","modified_gmt":"2025-01-21T06:21:12","slug":"bocina-schia","status":"publish","type":"product","link":"https:\/\/amgpromocionales.mx\/en\/shop\/bocina-schia\/","title":{"rendered":"Bocina Schia."},"content":{"rendered":"<p>Bocina\u00a0con\u00a0conexi\u00f3n de sonido sin cables, radio FM, cuenta con ranura para tarjeta Micro SD, ranura para puerto USB, entrada auxiliar 3.5mm. Acabado pl\u00e1stico y cubierta de tela con asa tipo piel para f\u00e1cil transporte. Su dise\u00f1o compacto es ideal para llevar\u00a0 la m\u00fasica contigo a cualquier parte. Incluye cable de carga USB y caja de cart\u00f3n individual.<\/p>","protected":false},"excerpt":{"rendered":"<p>Bocina\u00a0con\u00a0conexi\u00f3n de sonido sin cables, radio FM, cuenta con ranura para tarjeta Micro SD, ranura para puerto USB, entrada auxiliar 3.5mm. Acabado pl\u00e1stico y cubierta de tela con asa tipo piel para f\u00e1cil transporte. Su dise\u00f1o compacto es ideal para llevar\u00a0 la m\u00fasica contigo a cualquier parte. Incluye cable de carga USB y caja de [&hellip;]<\/p>","protected":false},"featured_media":68887,"comment_status":"closed","ping_status":"closed","template":"","meta":[],"genre":[],"product_cat":[319,398],"product_tag":[],"class_list":{"0":"post-74263","1":"product","2":"type-product","3":"status-publish","4":"has-post-thumbnail","6":"product_cat-bocinas","7":"product_cat-ver-todo-tecnologia","9":"first","10":"instock","11":"shipping-taxable","12":"purchasable","13":"product-type-variable"},"_links":{"self":[{"href":"https:\/\/amgpromocionales.mx\/en\/wp-json\/wp\/v2\/product\/74263","targetHints":{"allow":["GET"]}}],"collection":[{"href":"https:\/\/amgpromocionales.mx\/en\/wp-json\/wp\/v2\/product"}],"about":[{"href":"https:\/\/amgpromocionales.mx\/en\/wp-json\/wp\/v2\/types\/product"}],"replies":[{"embeddable":true,"href":"https:\/\/amgpromocionales.mx\/en\/wp-json\/wp\/v2\/comments?post=74263"}],"wp:featuredmedia":[{"embeddable":true,"href":"https:\/\/amgpromocionales.mx\/en\/wp-json\/wp\/v2\/media\/68887"}],"wp:attachment":[{"href":"https:\/\/amgpromocionales.mx\/en\/wp-json\/wp\/v2\/media?parent=74263"}],"wp:term":[{"taxonomy":"product_brand","embeddable":true,"href":"https:\/\/amgpromocionales.mx\/en\/wp-json\/wp\/v2\/genre?post=74263"},{"taxonomy":"product_cat","embeddable":true,"href":"https:\/\/amgpromocionales.mx\/en\/wp-json\/wp\/v2\/product_cat?post=74263"},{"taxonomy":"product_tag","embeddable":true,"href":"https:\/\/amgpromocionales.mx\/en\/wp-json\/wp\/v2\/product_tag?post=74263"}],"curies":[{"name":"wp","href":"https:\/\/api.w.org\/{rel}","templated":true}]}}