{"id":74259,"date":"2025-01-19T14:33:42","date_gmt":"2025-01-19T20:33:42","guid":{"rendered":"https:\/\/amgpromocionales.com.mx\/?post_type=product&#038;p=74259"},"modified":"2025-01-21T00:21:14","modified_gmt":"2025-01-21T06:21:14","slug":"bocina-piana","status":"publish","type":"product","link":"https:\/\/amgpromocionales.mx\/en\/shop\/bocina-piana\/","title":{"rendered":"Bocina Piana."},"content":{"rendered":"<p>Bocina con conexi\u00f3n de sonido sin cables, cilindrica con radio FM y entrada para tarjeta TF, fabricada en ABS, silic\u00f3n y tela. Con iluminaci\u00f3n en los laterales, fabricada en ABS, silic\u00f3n y tela.\u00a0Cable USB incluido.\u00a0Incluye caja de cart\u00f3n individual.<\/p>","protected":false},"excerpt":{"rendered":"<p>Bocina con conexi\u00f3n de sonido sin cables, cilindrica con radio FM y entrada para tarjeta TF, fabricada en ABS, silic\u00f3n y tela. Con iluminaci\u00f3n en los laterales, fabricada en ABS, silic\u00f3n y tela.\u00a0Cable USB incluido.\u00a0Incluye caja de cart\u00f3n individual.<\/p>","protected":false},"featured_media":68938,"comment_status":"closed","ping_status":"closed","template":"","meta":[],"genre":[],"product_cat":[319,398],"product_tag":[],"class_list":{"0":"post-74259","1":"product","2":"type-product","3":"status-publish","4":"has-post-thumbnail","6":"product_cat-bocinas","7":"product_cat-ver-todo-tecnologia","9":"first","10":"instock","11":"shipping-taxable","12":"purchasable","13":"product-type-variable"},"_links":{"self":[{"href":"https:\/\/amgpromocionales.mx\/en\/wp-json\/wp\/v2\/product\/74259","targetHints":{"allow":["GET"]}}],"collection":[{"href":"https:\/\/amgpromocionales.mx\/en\/wp-json\/wp\/v2\/product"}],"about":[{"href":"https:\/\/amgpromocionales.mx\/en\/wp-json\/wp\/v2\/types\/product"}],"replies":[{"embeddable":true,"href":"https:\/\/amgpromocionales.mx\/en\/wp-json\/wp\/v2\/comments?post=74259"}],"wp:featuredmedia":[{"embeddable":true,"href":"https:\/\/amgpromocionales.mx\/en\/wp-json\/wp\/v2\/media\/68938"}],"wp:attachment":[{"href":"https:\/\/amgpromocionales.mx\/en\/wp-json\/wp\/v2\/media?parent=74259"}],"wp:term":[{"taxonomy":"product_brand","embeddable":true,"href":"https:\/\/amgpromocionales.mx\/en\/wp-json\/wp\/v2\/genre?post=74259"},{"taxonomy":"product_cat","embeddable":true,"href":"https:\/\/amgpromocionales.mx\/en\/wp-json\/wp\/v2\/product_cat?post=74259"},{"taxonomy":"product_tag","embeddable":true,"href":"https:\/\/amgpromocionales.mx\/en\/wp-json\/wp\/v2\/product_tag?post=74259"}],"curies":[{"name":"wp","href":"https:\/\/api.w.org\/{rel}","templated":true}]}}