{"id":74254,"date":"2025-01-19T14:33:19","date_gmt":"2025-01-19T20:33:19","guid":{"rendered":"https:\/\/amgpromocionales.com.mx\/?post_type=product&#038;p=74254"},"modified":"2025-01-21T00:21:14","modified_gmt":"2025-01-21T06:21:14","slug":"bocina-bormio","status":"publish","type":"product","link":"https:\/\/amgpromocionales.mx\/en\/shop\/bocina-bormio\/","title":{"rendered":"Bocina Bormio."},"content":{"rendered":"<p>Bocina con\u00a0conexi\u00f3n de sonido sin cables a prueba de agua fabricada en pl\u00e1stico ABS y metal, con cubierta de tela, acabado mate, cord\u00f3n e iluminaci\u00f3n led en la parte superior, a un costado tiene 3 botones para controlar el volumen, con una entrada protegida para recargar la pila. Incluye cable de carga USB y caja de cart\u00f3n individual.<\/p>","protected":false},"excerpt":{"rendered":"<p>Bocina con\u00a0conexi\u00f3n de sonido sin cables a prueba de agua fabricada en pl\u00e1stico ABS y metal, con cubierta de tela, acabado mate, cord\u00f3n e iluminaci\u00f3n led en la parte superior, a un costado tiene 3 botones para controlar el volumen, con una entrada protegida para recargar la pila. Incluye cable de carga USB y caja [&hellip;]<\/p>","protected":false},"featured_media":69013,"comment_status":"closed","ping_status":"closed","template":"","meta":[],"genre":[],"product_cat":[319,398],"product_tag":[],"class_list":{"0":"post-74254","1":"product","2":"type-product","3":"status-publish","4":"has-post-thumbnail","6":"product_cat-bocinas","7":"product_cat-ver-todo-tecnologia","9":"first","10":"instock","11":"shipping-taxable","12":"purchasable","13":"product-type-variable"},"_links":{"self":[{"href":"https:\/\/amgpromocionales.mx\/en\/wp-json\/wp\/v2\/product\/74254","targetHints":{"allow":["GET"]}}],"collection":[{"href":"https:\/\/amgpromocionales.mx\/en\/wp-json\/wp\/v2\/product"}],"about":[{"href":"https:\/\/amgpromocionales.mx\/en\/wp-json\/wp\/v2\/types\/product"}],"replies":[{"embeddable":true,"href":"https:\/\/amgpromocionales.mx\/en\/wp-json\/wp\/v2\/comments?post=74254"}],"wp:featuredmedia":[{"embeddable":true,"href":"https:\/\/amgpromocionales.mx\/en\/wp-json\/wp\/v2\/media\/69013"}],"wp:attachment":[{"href":"https:\/\/amgpromocionales.mx\/en\/wp-json\/wp\/v2\/media?parent=74254"}],"wp:term":[{"taxonomy":"product_brand","embeddable":true,"href":"https:\/\/amgpromocionales.mx\/en\/wp-json\/wp\/v2\/genre?post=74254"},{"taxonomy":"product_cat","embeddable":true,"href":"https:\/\/amgpromocionales.mx\/en\/wp-json\/wp\/v2\/product_cat?post=74254"},{"taxonomy":"product_tag","embeddable":true,"href":"https:\/\/amgpromocionales.mx\/en\/wp-json\/wp\/v2\/product_tag?post=74254"}],"curies":[{"name":"wp","href":"https:\/\/api.w.org\/{rel}","templated":true}]}}