{"id":74252,"date":"2025-01-19T14:33:13","date_gmt":"2025-01-19T20:33:13","guid":{"rendered":"https:\/\/amgpromocionales.com.mx\/?post_type=product&#038;p=74252"},"modified":"2025-01-21T00:19:48","modified_gmt":"2025-01-21T06:19:48","slug":"audifonos-siem","status":"publish","type":"product","link":"https:\/\/amgpromocionales.mx\/en\/shop\/audifonos-siem\/","title":{"rendered":"Aud\u00edfonos Siem."},"content":{"rendered":"<p>Aud\u00edfonos con conexi\u00f3n de sonido sin cables, fabricados en pl\u00e1stico ABS, con estuche de carga ovalado,\u00a0 estuche compacto y port\u00e1til te permite llevar tus aud\u00edfonos contigo de manera conveniente. Incluye cable de carga USB y caja de cart\u00f3n individual.<\/p>","protected":false},"excerpt":{"rendered":"<p>Aud\u00edfonos con conexi\u00f3n de sonido sin cables, fabricados en pl\u00e1stico ABS, con estuche de carga ovalado,\u00a0 estuche compacto y port\u00e1til te permite llevar tus aud\u00edfonos contigo de manera conveniente. Incluye cable de carga USB y caja de cart\u00f3n individual.<\/p>","protected":false},"featured_media":69051,"comment_status":"closed","ping_status":"closed","template":"","meta":[],"genre":[],"product_cat":[320,398],"product_tag":[],"class_list":{"0":"post-74252","1":"product","2":"type-product","3":"status-publish","4":"has-post-thumbnail","6":"product_cat-audifonos","7":"product_cat-ver-todo-tecnologia","9":"first","10":"instock","11":"shipping-taxable","12":"purchasable","13":"product-type-variable"},"_links":{"self":[{"href":"https:\/\/amgpromocionales.mx\/en\/wp-json\/wp\/v2\/product\/74252","targetHints":{"allow":["GET"]}}],"collection":[{"href":"https:\/\/amgpromocionales.mx\/en\/wp-json\/wp\/v2\/product"}],"about":[{"href":"https:\/\/amgpromocionales.mx\/en\/wp-json\/wp\/v2\/types\/product"}],"replies":[{"embeddable":true,"href":"https:\/\/amgpromocionales.mx\/en\/wp-json\/wp\/v2\/comments?post=74252"}],"wp:featuredmedia":[{"embeddable":true,"href":"https:\/\/amgpromocionales.mx\/en\/wp-json\/wp\/v2\/media\/69051"}],"wp:attachment":[{"href":"https:\/\/amgpromocionales.mx\/en\/wp-json\/wp\/v2\/media?parent=74252"}],"wp:term":[{"taxonomy":"product_brand","embeddable":true,"href":"https:\/\/amgpromocionales.mx\/en\/wp-json\/wp\/v2\/genre?post=74252"},{"taxonomy":"product_cat","embeddable":true,"href":"https:\/\/amgpromocionales.mx\/en\/wp-json\/wp\/v2\/product_cat?post=74252"},{"taxonomy":"product_tag","embeddable":true,"href":"https:\/\/amgpromocionales.mx\/en\/wp-json\/wp\/v2\/product_tag?post=74252"}],"curies":[{"name":"wp","href":"https:\/\/api.w.org\/{rel}","templated":true}]}}