{"id":74249,"date":"2025-01-19T14:33:11","date_gmt":"2025-01-19T20:33:11","guid":{"rendered":"https:\/\/amgpromocionales.com.mx\/?post_type=product&#038;p=74249"},"modified":"2025-01-21T00:19:48","modified_gmt":"2025-01-21T06:19:48","slug":"audifonos-tulcea","status":"publish","type":"product","link":"https:\/\/amgpromocionales.mx\/en\/shop\/audifonos-tulcea\/","title":{"rendered":"Aud\u00edfonos Tulcea."},"content":{"rendered":"<p>Aud\u00edfonos con\u00a0conexi\u00f3n de sonido sin cables con funci\u00f3n touch, estuche de carga fabricado en pl\u00e1stico ABS, con pantalla en la parte interior donde se muestra el nivel de bater\u00eda de los aud\u00edfonos, tiempo de reproducci\u00f3n de m\u00fasica de 3 a 4 horas. Carga a trav\u00e9s de cable USB (incluido). Incluye caja de cart\u00f3n individual.<\/p>","protected":false},"excerpt":{"rendered":"<p>Aud\u00edfonos con\u00a0conexi\u00f3n de sonido sin cables con funci\u00f3n touch, estuche de carga fabricado en pl\u00e1stico ABS, con pantalla en la parte interior donde se muestra el nivel de bater\u00eda de los aud\u00edfonos, tiempo de reproducci\u00f3n de m\u00fasica de 3 a 4 horas. Carga a trav\u00e9s de cable USB (incluido). Incluye caja de cart\u00f3n individual.<\/p>","protected":false},"featured_media":69133,"comment_status":"closed","ping_status":"closed","template":"","meta":[],"genre":[],"product_cat":[320,398],"product_tag":[],"class_list":{"0":"post-74249","1":"product","2":"type-product","3":"status-publish","4":"has-post-thumbnail","6":"product_cat-audifonos","7":"product_cat-ver-todo-tecnologia","9":"first","10":"instock","11":"shipping-taxable","12":"purchasable","13":"product-type-variable"},"_links":{"self":[{"href":"https:\/\/amgpromocionales.mx\/en\/wp-json\/wp\/v2\/product\/74249","targetHints":{"allow":["GET"]}}],"collection":[{"href":"https:\/\/amgpromocionales.mx\/en\/wp-json\/wp\/v2\/product"}],"about":[{"href":"https:\/\/amgpromocionales.mx\/en\/wp-json\/wp\/v2\/types\/product"}],"replies":[{"embeddable":true,"href":"https:\/\/amgpromocionales.mx\/en\/wp-json\/wp\/v2\/comments?post=74249"}],"wp:featuredmedia":[{"embeddable":true,"href":"https:\/\/amgpromocionales.mx\/en\/wp-json\/wp\/v2\/media\/69133"}],"wp:attachment":[{"href":"https:\/\/amgpromocionales.mx\/en\/wp-json\/wp\/v2\/media?parent=74249"}],"wp:term":[{"taxonomy":"product_brand","embeddable":true,"href":"https:\/\/amgpromocionales.mx\/en\/wp-json\/wp\/v2\/genre?post=74249"},{"taxonomy":"product_cat","embeddable":true,"href":"https:\/\/amgpromocionales.mx\/en\/wp-json\/wp\/v2\/product_cat?post=74249"},{"taxonomy":"product_tag","embeddable":true,"href":"https:\/\/amgpromocionales.mx\/en\/wp-json\/wp\/v2\/product_tag?post=74249"}],"curies":[{"name":"wp","href":"https:\/\/api.w.org\/{rel}","templated":true}]}}