{"id":74244,"date":"2025-01-19T14:33:06","date_gmt":"2025-01-19T20:33:06","guid":{"rendered":"https:\/\/amgpromocionales.com.mx\/?post_type=product&#038;p=74244"},"modified":"2025-01-21T00:19:49","modified_gmt":"2025-01-21T06:19:49","slug":"auriculares-inalambricos-taro","status":"publish","type":"product","link":"https:\/\/amgpromocionales.mx\/en\/shop\/auriculares-inalambricos-taro\/","title":{"rendered":"Auriculares inal\u00e1mbricos Taro."},"content":{"rendered":"<p>Auriculares con\u00a0conexi\u00f3n de sonido sin cables, fabricados en pl\u00e1stico ABS acabado semi mate, con funci\u00f3n manos libres, asistente de voz, funci\u00f3n modo juego, indicador de nivel de bater\u00eda en el estuche de carga. Carga a trav\u00e9s de cable USB con entrada tipo C (incluido). Incluye caja de cart\u00f3n individual.<\/p>","protected":false},"excerpt":{"rendered":"<p>Auriculares con\u00a0conexi\u00f3n de sonido sin cables, fabricados en pl\u00e1stico ABS acabado semi mate, con funci\u00f3n manos libres, asistente de voz, funci\u00f3n modo juego, indicador de nivel de bater\u00eda en el estuche de carga. Carga a trav\u00e9s de cable USB con entrada tipo C (incluido). Incluye caja de cart\u00f3n individual.<\/p>","protected":false},"featured_media":69201,"comment_status":"closed","ping_status":"closed","template":"","meta":[],"genre":[],"product_cat":[320,398],"product_tag":[],"class_list":{"0":"post-74244","1":"product","2":"type-product","3":"status-publish","4":"has-post-thumbnail","6":"product_cat-audifonos","7":"product_cat-ver-todo-tecnologia","9":"first","10":"instock","11":"shipping-taxable","12":"purchasable","13":"product-type-variable"},"_links":{"self":[{"href":"https:\/\/amgpromocionales.mx\/en\/wp-json\/wp\/v2\/product\/74244","targetHints":{"allow":["GET"]}}],"collection":[{"href":"https:\/\/amgpromocionales.mx\/en\/wp-json\/wp\/v2\/product"}],"about":[{"href":"https:\/\/amgpromocionales.mx\/en\/wp-json\/wp\/v2\/types\/product"}],"replies":[{"embeddable":true,"href":"https:\/\/amgpromocionales.mx\/en\/wp-json\/wp\/v2\/comments?post=74244"}],"wp:featuredmedia":[{"embeddable":true,"href":"https:\/\/amgpromocionales.mx\/en\/wp-json\/wp\/v2\/media\/69201"}],"wp:attachment":[{"href":"https:\/\/amgpromocionales.mx\/en\/wp-json\/wp\/v2\/media?parent=74244"}],"wp:term":[{"taxonomy":"product_brand","embeddable":true,"href":"https:\/\/amgpromocionales.mx\/en\/wp-json\/wp\/v2\/genre?post=74244"},{"taxonomy":"product_cat","embeddable":true,"href":"https:\/\/amgpromocionales.mx\/en\/wp-json\/wp\/v2\/product_cat?post=74244"},{"taxonomy":"product_tag","embeddable":true,"href":"https:\/\/amgpromocionales.mx\/en\/wp-json\/wp\/v2\/product_tag?post=74244"}],"curies":[{"name":"wp","href":"https:\/\/api.w.org\/{rel}","templated":true}]}}