{"id":74242,"date":"2025-01-19T14:32:48","date_gmt":"2025-01-19T20:32:48","guid":{"rendered":"https:\/\/amgpromocionales.com.mx\/?post_type=product&#038;p=74242"},"modified":"2025-01-21T00:21:15","modified_gmt":"2025-01-21T06:21:15","slug":"set-de-bocinas-terme","status":"publish","type":"product","link":"https:\/\/amgpromocionales.mx\/en\/shop\/set-de-bocinas-terme\/","title":{"rendered":"Set de Bocinas Terme."},"content":{"rendered":"<p>Set de bocinas con\u00a0conexi\u00f3n de sonido sin cables,\u00a0fabricadas en aleaci\u00f3n de aluminio y ABS, con sistema TWS (True Wireless Stereo), tecnolog\u00eda que permite emparejar dos dispositivos de audio a trav\u00e9s de la\u00a0conexi\u00f3n de sonido sin cables; y de esta manera poder transmitir de manera separada el canal izquierdo y derecho para conseguir un sonido est\u00e9reo. Incluye base para carga, cable USB y caja de cart\u00f3n individual.<\/p>","protected":false},"excerpt":{"rendered":"<p>Set de bocinas con\u00a0conexi\u00f3n de sonido sin cables,\u00a0fabricadas en aleaci\u00f3n de aluminio y ABS, con sistema TWS (True Wireless Stereo), tecnolog\u00eda que permite emparejar dos dispositivos de audio a trav\u00e9s de la\u00a0conexi\u00f3n de sonido sin cables; y de esta manera poder transmitir de manera separada el canal izquierdo y derecho para conseguir un sonido est\u00e9reo. [&hellip;]<\/p>","protected":false},"featured_media":69219,"comment_status":"closed","ping_status":"closed","template":"","meta":[],"genre":[],"product_cat":[319,398],"product_tag":[],"class_list":{"0":"post-74242","1":"product","2":"type-product","3":"status-publish","4":"has-post-thumbnail","6":"product_cat-bocinas","7":"product_cat-ver-todo-tecnologia","9":"first","10":"instock","11":"shipping-taxable","12":"purchasable","13":"product-type-variable"},"_links":{"self":[{"href":"https:\/\/amgpromocionales.mx\/en\/wp-json\/wp\/v2\/product\/74242","targetHints":{"allow":["GET"]}}],"collection":[{"href":"https:\/\/amgpromocionales.mx\/en\/wp-json\/wp\/v2\/product"}],"about":[{"href":"https:\/\/amgpromocionales.mx\/en\/wp-json\/wp\/v2\/types\/product"}],"replies":[{"embeddable":true,"href":"https:\/\/amgpromocionales.mx\/en\/wp-json\/wp\/v2\/comments?post=74242"}],"wp:featuredmedia":[{"embeddable":true,"href":"https:\/\/amgpromocionales.mx\/en\/wp-json\/wp\/v2\/media\/69219"}],"wp:attachment":[{"href":"https:\/\/amgpromocionales.mx\/en\/wp-json\/wp\/v2\/media?parent=74242"}],"wp:term":[{"taxonomy":"product_brand","embeddable":true,"href":"https:\/\/amgpromocionales.mx\/en\/wp-json\/wp\/v2\/genre?post=74242"},{"taxonomy":"product_cat","embeddable":true,"href":"https:\/\/amgpromocionales.mx\/en\/wp-json\/wp\/v2\/product_cat?post=74242"},{"taxonomy":"product_tag","embeddable":true,"href":"https:\/\/amgpromocionales.mx\/en\/wp-json\/wp\/v2\/product_tag?post=74242"}],"curies":[{"name":"wp","href":"https:\/\/api.w.org\/{rel}","templated":true}]}}