{"id":74241,"date":"2025-01-19T14:32:47","date_gmt":"2025-01-19T20:32:47","guid":{"rendered":"https:\/\/amgpromocionales.com.mx\/?post_type=product&#038;p=74241"},"modified":"2025-01-21T00:21:16","modified_gmt":"2025-01-21T06:21:16","slug":"bocina-voi","status":"publish","type":"product","link":"https:\/\/amgpromocionales.mx\/en\/shop\/bocina-voi\/","title":{"rendered":"Bocina Voi."},"content":{"rendered":"<p>Bocina con conexi\u00f3n de sonido sin cables, con un alcance m\u00e1ximo de 9.9 M., control de luz led, control de m\u00fasica, lector de USB, conexi\u00f3n auxiliar, sistema manos libres para responder llamadas telef\u00f3nicas, dise\u00f1o esf\u00e9rico e\u00a0 innovador, con acabado brillante, gran calidad de sonido, amplia \u00e1rea de impresi\u00f3n.<\/p>","protected":false},"excerpt":{"rendered":"<p>Bocina con conexi\u00f3n de sonido sin cables, con un alcance m\u00e1ximo de 9.9 M., control de luz led, control de m\u00fasica, lector de USB, conexi\u00f3n auxiliar, sistema manos libres para responder llamadas telef\u00f3nicas, dise\u00f1o esf\u00e9rico e\u00a0 innovador, con acabado brillante, gran calidad de sonido, amplia \u00e1rea de impresi\u00f3n.<\/p>","protected":false},"featured_media":69393,"comment_status":"closed","ping_status":"closed","template":"","meta":[],"genre":[],"product_cat":[319,398],"product_tag":[],"class_list":{"0":"post-74241","1":"product","2":"type-product","3":"status-publish","4":"has-post-thumbnail","6":"product_cat-bocinas","7":"product_cat-ver-todo-tecnologia","9":"first","10":"instock","11":"shipping-taxable","12":"purchasable","13":"product-type-variable"},"_links":{"self":[{"href":"https:\/\/amgpromocionales.mx\/en\/wp-json\/wp\/v2\/product\/74241","targetHints":{"allow":["GET"]}}],"collection":[{"href":"https:\/\/amgpromocionales.mx\/en\/wp-json\/wp\/v2\/product"}],"about":[{"href":"https:\/\/amgpromocionales.mx\/en\/wp-json\/wp\/v2\/types\/product"}],"replies":[{"embeddable":true,"href":"https:\/\/amgpromocionales.mx\/en\/wp-json\/wp\/v2\/comments?post=74241"}],"wp:featuredmedia":[{"embeddable":true,"href":"https:\/\/amgpromocionales.mx\/en\/wp-json\/wp\/v2\/media\/69393"}],"wp:attachment":[{"href":"https:\/\/amgpromocionales.mx\/en\/wp-json\/wp\/v2\/media?parent=74241"}],"wp:term":[{"taxonomy":"product_brand","embeddable":true,"href":"https:\/\/amgpromocionales.mx\/en\/wp-json\/wp\/v2\/genre?post=74241"},{"taxonomy":"product_cat","embeddable":true,"href":"https:\/\/amgpromocionales.mx\/en\/wp-json\/wp\/v2\/product_cat?post=74241"},{"taxonomy":"product_tag","embeddable":true,"href":"https:\/\/amgpromocionales.mx\/en\/wp-json\/wp\/v2\/product_tag?post=74241"}],"curies":[{"name":"wp","href":"https:\/\/api.w.org\/{rel}","templated":true}]}}