{"id":74237,"date":"2025-01-19T14:32:34","date_gmt":"2025-01-19T20:32:34","guid":{"rendered":"https:\/\/amgpromocionales.com.mx\/?post_type=product&#038;p=74237"},"modified":"2025-01-21T00:21:17","modified_gmt":"2025-01-21T06:21:17","slug":"bocina-sassari","status":"publish","type":"product","link":"https:\/\/amgpromocionales.mx\/en\/shop\/bocina-sassari\/","title":{"rendered":"Bocina Sassari."},"content":{"rendered":"<p>Bocina con\u00a0conexi\u00f3n de sonido sin cables, port\u00e1til circular fabricada en metal y pl\u00e1stico, de tama\u00f1o compacto lo que la hace f\u00e1cil de transportar, con radio FM, entrada auxiliar para audio y tarjeta TF.<\/p>","protected":false},"excerpt":{"rendered":"<p>Bocina con\u00a0conexi\u00f3n de sonido sin cables, port\u00e1til circular fabricada en metal y pl\u00e1stico, de tama\u00f1o compacto lo que la hace f\u00e1cil de transportar, con radio FM, entrada auxiliar para audio y tarjeta TF.<\/p>","protected":false},"featured_media":71614,"comment_status":"closed","ping_status":"closed","template":"","meta":[],"genre":[],"product_cat":[319,398],"product_tag":[],"class_list":{"0":"post-74237","1":"product","2":"type-product","3":"status-publish","4":"has-post-thumbnail","6":"product_cat-bocinas","7":"product_cat-ver-todo-tecnologia","9":"first","10":"instock","11":"shipping-taxable","12":"purchasable","13":"product-type-variable"},"_links":{"self":[{"href":"https:\/\/amgpromocionales.mx\/en\/wp-json\/wp\/v2\/product\/74237","targetHints":{"allow":["GET"]}}],"collection":[{"href":"https:\/\/amgpromocionales.mx\/en\/wp-json\/wp\/v2\/product"}],"about":[{"href":"https:\/\/amgpromocionales.mx\/en\/wp-json\/wp\/v2\/types\/product"}],"replies":[{"embeddable":true,"href":"https:\/\/amgpromocionales.mx\/en\/wp-json\/wp\/v2\/comments?post=74237"}],"wp:featuredmedia":[{"embeddable":true,"href":"https:\/\/amgpromocionales.mx\/en\/wp-json\/wp\/v2\/media\/71614"}],"wp:attachment":[{"href":"https:\/\/amgpromocionales.mx\/en\/wp-json\/wp\/v2\/media?parent=74237"}],"wp:term":[{"taxonomy":"product_brand","embeddable":true,"href":"https:\/\/amgpromocionales.mx\/en\/wp-json\/wp\/v2\/genre?post=74237"},{"taxonomy":"product_cat","embeddable":true,"href":"https:\/\/amgpromocionales.mx\/en\/wp-json\/wp\/v2\/product_cat?post=74237"},{"taxonomy":"product_tag","embeddable":true,"href":"https:\/\/amgpromocionales.mx\/en\/wp-json\/wp\/v2\/product_tag?post=74237"}],"curies":[{"name":"wp","href":"https:\/\/api.w.org\/{rel}","templated":true}]}}