{"id":74236,"date":"2025-01-19T14:32:33","date_gmt":"2025-01-19T20:32:33","guid":{"rendered":"https:\/\/amgpromocionales.com.mx\/?post_type=product&#038;p=74236"},"modified":"2025-01-21T00:21:17","modified_gmt":"2025-01-21T06:21:17","slug":"bocina-lodwar","status":"publish","type":"product","link":"https:\/\/amgpromocionales.mx\/en\/shop\/bocina-lodwar\/","title":{"rendered":"Bocina Lodwar."},"content":{"rendered":"<p>Bocina con\u00a0conexi\u00f3n de sonido sin cables, con radio FM, resistente al agua con acabado tipo rubber, detalles en tela de poli\u00e9ster y asa superior. Carga a trav\u00e9s de cable USB (incluido). Incluye caja de cart\u00f3n individual.<\/p>","protected":false},"excerpt":{"rendered":"<p>Bocina con\u00a0conexi\u00f3n de sonido sin cables, con radio FM, resistente al agua con acabado tipo rubber, detalles en tela de poli\u00e9ster y asa superior. Carga a trav\u00e9s de cable USB (incluido). Incluye caja de cart\u00f3n individual.<\/p>","protected":false},"featured_media":69285,"comment_status":"closed","ping_status":"closed","template":"","meta":[],"genre":[],"product_cat":[319,398],"product_tag":[],"class_list":{"0":"post-74236","1":"product","2":"type-product","3":"status-publish","4":"has-post-thumbnail","6":"product_cat-bocinas","7":"product_cat-ver-todo-tecnologia","9":"first","10":"instock","11":"shipping-taxable","12":"purchasable","13":"product-type-variable"},"_links":{"self":[{"href":"https:\/\/amgpromocionales.mx\/en\/wp-json\/wp\/v2\/product\/74236","targetHints":{"allow":["GET"]}}],"collection":[{"href":"https:\/\/amgpromocionales.mx\/en\/wp-json\/wp\/v2\/product"}],"about":[{"href":"https:\/\/amgpromocionales.mx\/en\/wp-json\/wp\/v2\/types\/product"}],"replies":[{"embeddable":true,"href":"https:\/\/amgpromocionales.mx\/en\/wp-json\/wp\/v2\/comments?post=74236"}],"wp:featuredmedia":[{"embeddable":true,"href":"https:\/\/amgpromocionales.mx\/en\/wp-json\/wp\/v2\/media\/69285"}],"wp:attachment":[{"href":"https:\/\/amgpromocionales.mx\/en\/wp-json\/wp\/v2\/media?parent=74236"}],"wp:term":[{"taxonomy":"product_brand","embeddable":true,"href":"https:\/\/amgpromocionales.mx\/en\/wp-json\/wp\/v2\/genre?post=74236"},{"taxonomy":"product_cat","embeddable":true,"href":"https:\/\/amgpromocionales.mx\/en\/wp-json\/wp\/v2\/product_cat?post=74236"},{"taxonomy":"product_tag","embeddable":true,"href":"https:\/\/amgpromocionales.mx\/en\/wp-json\/wp\/v2\/product_tag?post=74236"}],"curies":[{"name":"wp","href":"https:\/\/api.w.org\/{rel}","templated":true}]}}