{"id":74235,"date":"2025-01-19T14:32:33","date_gmt":"2025-01-19T20:32:33","guid":{"rendered":"https:\/\/amgpromocionales.com.mx\/?post_type=product&#038;p=74235"},"modified":"2025-01-21T00:19:50","modified_gmt":"2025-01-21T06:19:50","slug":"audifonos-lutsk","status":"publish","type":"product","link":"https:\/\/amgpromocionales.mx\/en\/shop\/audifonos-lutsk\/","title":{"rendered":"Aud\u00edfonos Lutsk."},"content":{"rendered":"<p>Aud\u00edfonos con\u00a0conexi\u00f3n de sonido sin cables fabricados en pl\u00e1stico ABS acabado glossy con funci\u00f3n touch. Reproduce m\u00fasica durante 4 horas continuas y tiempo de llamada de 3.5 horas, aproximadamente. Incluye cable USB para carga y caja de cart\u00f3n individual.<\/p>","protected":false},"excerpt":{"rendered":"<p>Aud\u00edfonos con\u00a0conexi\u00f3n de sonido sin cables fabricados en pl\u00e1stico ABS acabado glossy con funci\u00f3n touch. Reproduce m\u00fasica durante 4 horas continuas y tiempo de llamada de 3.5 horas, aproximadamente. Incluye cable USB para carga y caja de cart\u00f3n individual.<\/p>","protected":false},"featured_media":69152,"comment_status":"closed","ping_status":"closed","template":"","meta":[],"genre":[],"product_cat":[320,398],"product_tag":[],"class_list":{"0":"post-74235","1":"product","2":"type-product","3":"status-publish","4":"has-post-thumbnail","6":"product_cat-audifonos","7":"product_cat-ver-todo-tecnologia","9":"first","10":"instock","11":"shipping-taxable","12":"purchasable","13":"product-type-variable"},"_links":{"self":[{"href":"https:\/\/amgpromocionales.mx\/en\/wp-json\/wp\/v2\/product\/74235","targetHints":{"allow":["GET"]}}],"collection":[{"href":"https:\/\/amgpromocionales.mx\/en\/wp-json\/wp\/v2\/product"}],"about":[{"href":"https:\/\/amgpromocionales.mx\/en\/wp-json\/wp\/v2\/types\/product"}],"replies":[{"embeddable":true,"href":"https:\/\/amgpromocionales.mx\/en\/wp-json\/wp\/v2\/comments?post=74235"}],"wp:featuredmedia":[{"embeddable":true,"href":"https:\/\/amgpromocionales.mx\/en\/wp-json\/wp\/v2\/media\/69152"}],"wp:attachment":[{"href":"https:\/\/amgpromocionales.mx\/en\/wp-json\/wp\/v2\/media?parent=74235"}],"wp:term":[{"taxonomy":"product_brand","embeddable":true,"href":"https:\/\/amgpromocionales.mx\/en\/wp-json\/wp\/v2\/genre?post=74235"},{"taxonomy":"product_cat","embeddable":true,"href":"https:\/\/amgpromocionales.mx\/en\/wp-json\/wp\/v2\/product_cat?post=74235"},{"taxonomy":"product_tag","embeddable":true,"href":"https:\/\/amgpromocionales.mx\/en\/wp-json\/wp\/v2\/product_tag?post=74235"}],"curies":[{"name":"wp","href":"https:\/\/api.w.org\/{rel}","templated":true}]}}