{"id":74234,"date":"2025-01-19T14:32:33","date_gmt":"2025-01-19T20:32:33","guid":{"rendered":"https:\/\/amgpromocionales.com.mx\/?post_type=product&#038;p=74234"},"modified":"2025-01-21T00:27:07","modified_gmt":"2025-01-21T06:27:07","slug":"power-bank-sumy","status":"publish","type":"product","link":"https:\/\/amgpromocionales.mx\/en\/shop\/power-bank-sumy\/","title":{"rendered":"Power bank Sumy."},"content":{"rendered":"<p>Power bank fabricada en pl\u00e1stico ABS con 1 salida USB y 4 cables de carga (tipo C, micro USB, iPhone, USB). Display con indicador del nivel de la bater\u00eda. Bater\u00eda de pol\u00edmero de litio de 10,000 mAh. Incluye cable USB para carga y caja de cart\u00f3n individual.<\/p>","protected":false},"excerpt":{"rendered":"<p>Power bank fabricada en pl\u00e1stico ABS con 1 salida USB y 4 cables de carga (tipo C, micro USB, iPhone, USB). Display con indicador del nivel de la bater\u00eda. Bater\u00eda de pol\u00edmero de litio de 10,000 mAh. Incluye cable USB para carga y caja de cart\u00f3n individual.<\/p>","protected":false},"featured_media":69157,"comment_status":"closed","ping_status":"closed","template":"","meta":[],"genre":[],"product_cat":[321,398],"product_tag":[],"class_list":{"0":"post-74234","1":"product","2":"type-product","3":"status-publish","4":"has-post-thumbnail","6":"product_cat-power-banks","7":"product_cat-ver-todo-tecnologia","9":"first","10":"instock","11":"shipping-taxable","12":"purchasable","13":"product-type-variable"},"_links":{"self":[{"href":"https:\/\/amgpromocionales.mx\/en\/wp-json\/wp\/v2\/product\/74234","targetHints":{"allow":["GET"]}}],"collection":[{"href":"https:\/\/amgpromocionales.mx\/en\/wp-json\/wp\/v2\/product"}],"about":[{"href":"https:\/\/amgpromocionales.mx\/en\/wp-json\/wp\/v2\/types\/product"}],"replies":[{"embeddable":true,"href":"https:\/\/amgpromocionales.mx\/en\/wp-json\/wp\/v2\/comments?post=74234"}],"wp:featuredmedia":[{"embeddable":true,"href":"https:\/\/amgpromocionales.mx\/en\/wp-json\/wp\/v2\/media\/69157"}],"wp:attachment":[{"href":"https:\/\/amgpromocionales.mx\/en\/wp-json\/wp\/v2\/media?parent=74234"}],"wp:term":[{"taxonomy":"product_brand","embeddable":true,"href":"https:\/\/amgpromocionales.mx\/en\/wp-json\/wp\/v2\/genre?post=74234"},{"taxonomy":"product_cat","embeddable":true,"href":"https:\/\/amgpromocionales.mx\/en\/wp-json\/wp\/v2\/product_cat?post=74234"},{"taxonomy":"product_tag","embeddable":true,"href":"https:\/\/amgpromocionales.mx\/en\/wp-json\/wp\/v2\/product_tag?post=74234"}],"curies":[{"name":"wp","href":"https:\/\/api.w.org\/{rel}","templated":true}]}}