{"id":74229,"date":"2025-01-19T14:32:30","date_gmt":"2025-01-19T20:32:30","guid":{"rendered":"https:\/\/amgpromocionales.com.mx\/?post_type=product&#038;p=74229"},"modified":"2025-01-21T00:19:50","modified_gmt":"2025-01-21T06:19:50","slug":"audifonos-inalambricos-nebbi","status":"publish","type":"product","link":"https:\/\/amgpromocionales.mx\/en\/shop\/audifonos-inalambricos-nebbi\/","title":{"rendered":"Aud\u00edfonos inal\u00e1mbricos Nebbi."},"content":{"rendered":"<p>Aud\u00edfonos con\u00a0conexi\u00f3n de sonido sin cables y estuche met\u00e1lico rectangular para carga con interior de color\u00a0y funci\u00f3n de manos libres.<\/p>","protected":false},"excerpt":{"rendered":"<p>Aud\u00edfonos con\u00a0conexi\u00f3n de sonido sin cables y estuche met\u00e1lico rectangular para carga con interior de color\u00a0y funci\u00f3n de manos libres.<\/p>","protected":false},"featured_media":69429,"comment_status":"closed","ping_status":"closed","template":"","meta":[],"genre":[],"product_cat":[320,398],"product_tag":[],"class_list":{"0":"post-74229","1":"product","2":"type-product","3":"status-publish","4":"has-post-thumbnail","6":"product_cat-audifonos","7":"product_cat-ver-todo-tecnologia","9":"first","10":"instock","11":"shipping-taxable","12":"purchasable","13":"product-type-variable"},"_links":{"self":[{"href":"https:\/\/amgpromocionales.mx\/en\/wp-json\/wp\/v2\/product\/74229","targetHints":{"allow":["GET"]}}],"collection":[{"href":"https:\/\/amgpromocionales.mx\/en\/wp-json\/wp\/v2\/product"}],"about":[{"href":"https:\/\/amgpromocionales.mx\/en\/wp-json\/wp\/v2\/types\/product"}],"replies":[{"embeddable":true,"href":"https:\/\/amgpromocionales.mx\/en\/wp-json\/wp\/v2\/comments?post=74229"}],"wp:featuredmedia":[{"embeddable":true,"href":"https:\/\/amgpromocionales.mx\/en\/wp-json\/wp\/v2\/media\/69429"}],"wp:attachment":[{"href":"https:\/\/amgpromocionales.mx\/en\/wp-json\/wp\/v2\/media?parent=74229"}],"wp:term":[{"taxonomy":"product_brand","embeddable":true,"href":"https:\/\/amgpromocionales.mx\/en\/wp-json\/wp\/v2\/genre?post=74229"},{"taxonomy":"product_cat","embeddable":true,"href":"https:\/\/amgpromocionales.mx\/en\/wp-json\/wp\/v2\/product_cat?post=74229"},{"taxonomy":"product_tag","embeddable":true,"href":"https:\/\/amgpromocionales.mx\/en\/wp-json\/wp\/v2\/product_tag?post=74229"}],"curies":[{"name":"wp","href":"https:\/\/api.w.org\/{rel}","templated":true}]}}