{"id":74227,"date":"2025-01-19T14:32:29","date_gmt":"2025-01-19T20:32:29","guid":{"rendered":"https:\/\/amgpromocionales.com.mx\/?post_type=product&#038;p=74227"},"modified":"2025-01-21T00:24:10","modified_gmt":"2025-01-21T06:24:10","slug":"cargador-inalambrico-de-8000-mah","status":"publish","type":"product","link":"https:\/\/amgpromocionales.mx\/en\/shop\/cargador-inalambrico-de-8000-mah\/","title":{"rendered":"Cargador Inal\u00e1mbrico de 8,000 mAh."},"content":{"rendered":"<p>Cargador Inal\u00e1mbrico universal con capacidad de 8,000 mAh, compatible con tecnolog\u00eda Qi, 2 Salidas de USB y Lampara de luz LED.\u00a0Su dise\u00f1o es compacto y ligero.<\/p>","protected":false},"excerpt":{"rendered":"<p>Cargador Inal\u00e1mbrico universal con capacidad de 8,000 mAh, compatible con tecnolog\u00eda Qi, 2 Salidas de USB y Lampara de luz LED.\u00a0Su dise\u00f1o es compacto y ligero.<\/p>","protected":false},"featured_media":69438,"comment_status":"closed","ping_status":"closed","template":"","meta":[],"genre":[],"product_cat":[322,398],"product_tag":[],"class_list":{"0":"post-74227","1":"product","2":"type-product","3":"status-publish","4":"has-post-thumbnail","6":"product_cat-cargadores-y-accesorios","7":"product_cat-ver-todo-tecnologia","9":"first","10":"instock","11":"shipping-taxable","12":"purchasable","13":"product-type-variable"},"_links":{"self":[{"href":"https:\/\/amgpromocionales.mx\/en\/wp-json\/wp\/v2\/product\/74227","targetHints":{"allow":["GET"]}}],"collection":[{"href":"https:\/\/amgpromocionales.mx\/en\/wp-json\/wp\/v2\/product"}],"about":[{"href":"https:\/\/amgpromocionales.mx\/en\/wp-json\/wp\/v2\/types\/product"}],"replies":[{"embeddable":true,"href":"https:\/\/amgpromocionales.mx\/en\/wp-json\/wp\/v2\/comments?post=74227"}],"wp:featuredmedia":[{"embeddable":true,"href":"https:\/\/amgpromocionales.mx\/en\/wp-json\/wp\/v2\/media\/69438"}],"wp:attachment":[{"href":"https:\/\/amgpromocionales.mx\/en\/wp-json\/wp\/v2\/media?parent=74227"}],"wp:term":[{"taxonomy":"product_brand","embeddable":true,"href":"https:\/\/amgpromocionales.mx\/en\/wp-json\/wp\/v2\/genre?post=74227"},{"taxonomy":"product_cat","embeddable":true,"href":"https:\/\/amgpromocionales.mx\/en\/wp-json\/wp\/v2\/product_cat?post=74227"},{"taxonomy":"product_tag","embeddable":true,"href":"https:\/\/amgpromocionales.mx\/en\/wp-json\/wp\/v2\/product_tag?post=74227"}],"curies":[{"name":"wp","href":"https:\/\/api.w.org\/{rel}","templated":true}]}}