{"id":73906,"date":"2025-01-19T14:27:38","date_gmt":"2025-01-19T20:27:38","guid":{"rendered":"https:\/\/amgpromocionales.com.mx\/?post_type=product&#038;p=73906"},"modified":"2025-01-21T00:18:54","modified_gmt":"2025-01-21T06:18:54","slug":"anillo-metalico-porta-celular","status":"publish","type":"product","link":"https:\/\/amgpromocionales.mx\/en\/shop\/anillo-metalico-porta-celular\/","title":{"rendered":"Anillo met\u00e1lico porta celular."},"content":{"rendered":"<p>Anillo met\u00e1lico cuadrado porta celular para mano, tambi\u00e9n funciona como soporte para mesa. Ayuda a mejorar el agarre sobre el tel\u00e9fono y prevenir ca\u00eddas.<\/p>","protected":false},"excerpt":{"rendered":"<p>Anillo met\u00e1lico cuadrado porta celular para mano, tambi\u00e9n funciona como soporte para mesa. Ayuda a mejorar el agarre sobre el tel\u00e9fono y prevenir ca\u00eddas.<\/p>","protected":false},"featured_media":69757,"comment_status":"closed","ping_status":"closed","template":"","meta":[],"genre":[],"product_cat":[337,398],"product_tag":[],"class_list":{"0":"post-73906","1":"product","2":"type-product","3":"status-publish","4":"has-post-thumbnail","6":"product_cat-accesorios-para-celular","7":"product_cat-ver-todo-tecnologia","9":"first","10":"instock","11":"shipping-taxable","12":"purchasable","13":"product-type-variable"},"_links":{"self":[{"href":"https:\/\/amgpromocionales.mx\/en\/wp-json\/wp\/v2\/product\/73906","targetHints":{"allow":["GET"]}}],"collection":[{"href":"https:\/\/amgpromocionales.mx\/en\/wp-json\/wp\/v2\/product"}],"about":[{"href":"https:\/\/amgpromocionales.mx\/en\/wp-json\/wp\/v2\/types\/product"}],"replies":[{"embeddable":true,"href":"https:\/\/amgpromocionales.mx\/en\/wp-json\/wp\/v2\/comments?post=73906"}],"wp:featuredmedia":[{"embeddable":true,"href":"https:\/\/amgpromocionales.mx\/en\/wp-json\/wp\/v2\/media\/69757"}],"wp:attachment":[{"href":"https:\/\/amgpromocionales.mx\/en\/wp-json\/wp\/v2\/media?parent=73906"}],"wp:term":[{"taxonomy":"product_brand","embeddable":true,"href":"https:\/\/amgpromocionales.mx\/en\/wp-json\/wp\/v2\/genre?post=73906"},{"taxonomy":"product_cat","embeddable":true,"href":"https:\/\/amgpromocionales.mx\/en\/wp-json\/wp\/v2\/product_cat?post=73906"},{"taxonomy":"product_tag","embeddable":true,"href":"https:\/\/amgpromocionales.mx\/en\/wp-json\/wp\/v2\/product_tag?post=73906"}],"curies":[{"name":"wp","href":"https:\/\/api.w.org\/{rel}","templated":true}]}}