{"id":73879,"date":"2025-01-19T14:27:07","date_gmt":"2025-01-19T20:27:07","guid":{"rendered":"https:\/\/amgpromocionales.com.mx\/?post_type=product&#038;p=73879"},"modified":"2025-01-21T00:24:11","modified_gmt":"2025-01-21T06:24:11","slug":"mouse-pad-con-soporte-de-silicon","status":"publish","type":"product","link":"https:\/\/amgpromocionales.mx\/en\/shop\/mouse-pad-con-soporte-de-silicon\/","title":{"rendered":"Mouse pad con soporte de silic\u00f3n."},"content":{"rendered":"<p>Mouse pad ergon\u00f3mico con cubierta de tela y soporte de silic\u00f3n para mu\u00f1eca. Es una excelente opci\u00f3n para aquellos que buscan comodidad y apoyo durante el uso del mouse.\u00a0<\/p>","protected":false},"excerpt":{"rendered":"<p>Mouse pad ergon\u00f3mico con cubierta de tela y soporte de silic\u00f3n para mu\u00f1eca. Es una excelente opci\u00f3n para aquellos que buscan comodidad y apoyo durante el uso del mouse.\u00a0<\/p>","protected":false},"featured_media":69808,"comment_status":"closed","ping_status":"closed","template":"","meta":[],"genre":[],"product_cat":[322,398],"product_tag":[],"class_list":{"0":"post-73879","1":"product","2":"type-product","3":"status-publish","4":"has-post-thumbnail","6":"product_cat-cargadores-y-accesorios","7":"product_cat-ver-todo-tecnologia","9":"first","10":"instock","11":"shipping-taxable","12":"purchasable","13":"product-type-variable"},"_links":{"self":[{"href":"https:\/\/amgpromocionales.mx\/en\/wp-json\/wp\/v2\/product\/73879","targetHints":{"allow":["GET"]}}],"collection":[{"href":"https:\/\/amgpromocionales.mx\/en\/wp-json\/wp\/v2\/product"}],"about":[{"href":"https:\/\/amgpromocionales.mx\/en\/wp-json\/wp\/v2\/types\/product"}],"replies":[{"embeddable":true,"href":"https:\/\/amgpromocionales.mx\/en\/wp-json\/wp\/v2\/comments?post=73879"}],"wp:featuredmedia":[{"embeddable":true,"href":"https:\/\/amgpromocionales.mx\/en\/wp-json\/wp\/v2\/media\/69808"}],"wp:attachment":[{"href":"https:\/\/amgpromocionales.mx\/en\/wp-json\/wp\/v2\/media?parent=73879"}],"wp:term":[{"taxonomy":"product_brand","embeddable":true,"href":"https:\/\/amgpromocionales.mx\/en\/wp-json\/wp\/v2\/genre?post=73879"},{"taxonomy":"product_cat","embeddable":true,"href":"https:\/\/amgpromocionales.mx\/en\/wp-json\/wp\/v2\/product_cat?post=73879"},{"taxonomy":"product_tag","embeddable":true,"href":"https:\/\/amgpromocionales.mx\/en\/wp-json\/wp\/v2\/product_tag?post=73879"}],"curies":[{"name":"wp","href":"https:\/\/api.w.org\/{rel}","templated":true}]}}