{"id":43576,"date":"2025-01-15T12:05:11","date_gmt":"2025-01-15T18:05:11","guid":{"rendered":"https:\/\/amgpromocionales.com.mx\/?post_type=product&#038;p=43576"},"modified":"2025-01-20T23:20:57","modified_gmt":"2025-01-21T05:20:57","slug":"tec174","status":"publish","type":"product","link":"https:\/\/amgpromocionales.mx\/en\/shop\/tec174\/","title":{"rendered":"TEC174"},"content":{"rendered":"","protected":false},"excerpt":{"rendered":"<p>&#8216;<br \/>\nVASO TERMO ZYLINDER<br \/>\nCAPACIDAD DE 600ML <\/p>\n<p>\tVaso termo con tapa herm\u00e9tica de acr\u00edlico transparente. Fabricado en acero inoxidable de grado alimenticio, con doble pared y aislamiento al vac\u00edo.  Incluye popote de pl\u00e1stico.       <\/p>\n<p>\t\tMaterial<br \/>\n\t\tMedidas cm<\/p>\n<p>\t\tAcero inoxidable<br \/>\n\t\t&#8211;<\/p>\n<p>T\u00e9cnica Impresi\u00f3n<br \/>\nCapacidad<\/p>\n<p>\tGrabado l\u00e1ser y tampograf\u00eda<br \/>\n\t600 ml<\/p>","protected":false},"featured_media":43584,"comment_status":"closed","ping_status":"closed","template":"","meta":[],"genre":[],"product_cat":[324,391],"product_tag":[],"class_list":{"0":"post-43576","1":"product","2":"type-product","3":"status-publish","4":"has-post-thumbnail","6":"product_cat-cilindros-y-vasos-bebidas","7":"product_cat-ver-todo-bebidas","9":"first","10":"instock","11":"shipping-taxable","12":"purchasable","13":"product-type-simple"},"_links":{"self":[{"href":"https:\/\/amgpromocionales.mx\/en\/wp-json\/wp\/v2\/product\/43576","targetHints":{"allow":["GET"]}}],"collection":[{"href":"https:\/\/amgpromocionales.mx\/en\/wp-json\/wp\/v2\/product"}],"about":[{"href":"https:\/\/amgpromocionales.mx\/en\/wp-json\/wp\/v2\/types\/product"}],"replies":[{"embeddable":true,"href":"https:\/\/amgpromocionales.mx\/en\/wp-json\/wp\/v2\/comments?post=43576"}],"wp:featuredmedia":[{"embeddable":true,"href":"https:\/\/amgpromocionales.mx\/en\/wp-json\/wp\/v2\/media\/43584"}],"wp:attachment":[{"href":"https:\/\/amgpromocionales.mx\/en\/wp-json\/wp\/v2\/media?parent=43576"}],"wp:term":[{"taxonomy":"product_brand","embeddable":true,"href":"https:\/\/amgpromocionales.mx\/en\/wp-json\/wp\/v2\/genre?post=43576"},{"taxonomy":"product_cat","embeddable":true,"href":"https:\/\/amgpromocionales.mx\/en\/wp-json\/wp\/v2\/product_cat?post=43576"},{"taxonomy":"product_tag","embeddable":true,"href":"https:\/\/amgpromocionales.mx\/en\/wp-json\/wp\/v2\/product_tag?post=43576"}],"curies":[{"name":"wp","href":"https:\/\/api.w.org\/{rel}","templated":true}]}}