{"id":43380,"date":"2025-01-15T11:36:28","date_gmt":"2025-01-15T17:36:28","guid":{"rendered":"https:\/\/amgpromocionales.com.mx\/?post_type=product&#038;p=43380"},"modified":"2025-01-20T23:21:02","modified_gmt":"2025-01-21T05:21:02","slug":"tec164","status":"publish","type":"product","link":"https:\/\/amgpromocionales.mx\/en\/shop\/tec164\/","title":{"rendered":"TEC164"},"content":{"rendered":"","protected":false},"excerpt":{"rendered":"<p>&#8216;<br \/>\nVASO TERMO DIGITAL GALAXY<br \/>\nCAPACIDAD 510ML <\/p>\n<p>Vaso termo  fabricado en acero inoxidable de grado alimenticio, con  doble pared y aislamiento al vac\u00edo.Display LCD integrado en la tapa que muestra la temperatura del l\u00edquido,se activa mediante un sensor de contacto integrado en la superficie de la tapa.Incluye:1 bater\u00eda CR2023 (instalada)     <\/p>\n<p>\t\tMaterial<br \/>\n\t\tMedidas cm<\/p>\n<p>\t\tAcero inoxidable<br \/>\n\t\t16.8&#215;8.8cm<\/p>\n<p>T\u00e9cnica Impresi\u00f3n<br \/>\nCapacidad<\/p>\n<p>\tGrabado l\u00e1ser y tampograf\u00eda<br \/>\n\t510 ml<\/p>","protected":false},"featured_media":43431,"comment_status":"closed","ping_status":"closed","template":"","meta":[],"genre":[],"product_cat":[324,391],"product_tag":[],"class_list":{"0":"post-43380","1":"product","2":"type-product","3":"status-publish","4":"has-post-thumbnail","6":"product_cat-cilindros-y-vasos-bebidas","7":"product_cat-ver-todo-bebidas","9":"first","10":"instock","11":"shipping-taxable","12":"purchasable","13":"product-type-variable"},"_links":{"self":[{"href":"https:\/\/amgpromocionales.mx\/en\/wp-json\/wp\/v2\/product\/43380","targetHints":{"allow":["GET"]}}],"collection":[{"href":"https:\/\/amgpromocionales.mx\/en\/wp-json\/wp\/v2\/product"}],"about":[{"href":"https:\/\/amgpromocionales.mx\/en\/wp-json\/wp\/v2\/types\/product"}],"replies":[{"embeddable":true,"href":"https:\/\/amgpromocionales.mx\/en\/wp-json\/wp\/v2\/comments?post=43380"}],"wp:featuredmedia":[{"embeddable":true,"href":"https:\/\/amgpromocionales.mx\/en\/wp-json\/wp\/v2\/media\/43431"}],"wp:attachment":[{"href":"https:\/\/amgpromocionales.mx\/en\/wp-json\/wp\/v2\/media?parent=43380"}],"wp:term":[{"taxonomy":"product_brand","embeddable":true,"href":"https:\/\/amgpromocionales.mx\/en\/wp-json\/wp\/v2\/genre?post=43380"},{"taxonomy":"product_cat","embeddable":true,"href":"https:\/\/amgpromocionales.mx\/en\/wp-json\/wp\/v2\/product_cat?post=43380"},{"taxonomy":"product_tag","embeddable":true,"href":"https:\/\/amgpromocionales.mx\/en\/wp-json\/wp\/v2\/product_tag?post=43380"}],"curies":[{"name":"wp","href":"https:\/\/api.w.org\/{rel}","templated":true}]}}