{"id":43256,"date":"2025-01-15T10:39:09","date_gmt":"2025-01-15T16:39:09","guid":{"rendered":"https:\/\/amgpromocionales.com.mx\/?post_type=product&#038;p=43256"},"modified":"2025-01-21T00:15:49","modified_gmt":"2025-01-21T06:15:49","slug":"tec153","status":"publish","type":"product","link":"https:\/\/amgpromocionales.mx\/en\/shop\/tec153\/","title":{"rendered":"TEC153"},"content":{"rendered":"","protected":false},"excerpt":{"rendered":"<p>&#8216;<br \/>\nMINI VENTILADOR PORT\u00c1TIL 3 EN 1<br \/>\nMini ventilador con 2 aspas giratorias de pl\u00e1stico suave, seguras al tacto. Consumo de energ\u00eda bajo que no agotar\u00e1 la bater\u00eda de tu celular. Motor silencioso y eficiente con voltaje de 5V y potencia de 1W. Funci\u00f3n 3 en 1, se puede conectar por USB tipo C, micro USB y para interfaz de celular.<\/p>\n<th nowrap=\"nowrap\">Material<\/p>\n<th nowrap=\"nowrap\">Medidas<\/p>\n<p>Pl\u00e1stico<br \/>\n8.6 x 5.4 x 2.5cm<\/p>\n<th nowrap=\"nowrap\">T\u00e9cnica Impresi\u00f3n<\/p>\n<p>Tampograf\u00eda<\/p>","protected":false},"featured_media":43301,"comment_status":"closed","ping_status":"closed","template":"","meta":[],"genre":[],"product_cat":[379,397],"product_tag":[],"class_list":{"0":"post-43256","1":"product","2":"type-product","3":"status-publish","4":"has-post-thumbnail","6":"product_cat-cuidado-personal","7":"product_cat-ver-todo-salud-y-belleza","9":"first","10":"instock","11":"shipping-taxable","12":"purchasable","13":"product-type-variable"},"_links":{"self":[{"href":"https:\/\/amgpromocionales.mx\/en\/wp-json\/wp\/v2\/product\/43256","targetHints":{"allow":["GET"]}}],"collection":[{"href":"https:\/\/amgpromocionales.mx\/en\/wp-json\/wp\/v2\/product"}],"about":[{"href":"https:\/\/amgpromocionales.mx\/en\/wp-json\/wp\/v2\/types\/product"}],"replies":[{"embeddable":true,"href":"https:\/\/amgpromocionales.mx\/en\/wp-json\/wp\/v2\/comments?post=43256"}],"wp:featuredmedia":[{"embeddable":true,"href":"https:\/\/amgpromocionales.mx\/en\/wp-json\/wp\/v2\/media\/43301"}],"wp:attachment":[{"href":"https:\/\/amgpromocionales.mx\/en\/wp-json\/wp\/v2\/media?parent=43256"}],"wp:term":[{"taxonomy":"product_brand","embeddable":true,"href":"https:\/\/amgpromocionales.mx\/en\/wp-json\/wp\/v2\/genre?post=43256"},{"taxonomy":"product_cat","embeddable":true,"href":"https:\/\/amgpromocionales.mx\/en\/wp-json\/wp\/v2\/product_cat?post=43256"},{"taxonomy":"product_tag","embeddable":true,"href":"https:\/\/amgpromocionales.mx\/en\/wp-json\/wp\/v2\/product_tag?post=43256"}],"curies":[{"name":"wp","href":"https:\/\/api.w.org\/{rel}","templated":true}]}}