{"id":42678,"date":"2025-01-15T10:17:46","date_gmt":"2025-01-15T16:17:46","guid":{"rendered":"https:\/\/amgpromocionales.com.mx\/shop\/usb-c002\/"},"modified":"2025-01-21T00:29:49","modified_gmt":"2025-01-21T06:29:49","slug":"usb-c002","status":"publish","type":"product","link":"https:\/\/amgpromocionales.mx\/en\/shop\/usb-c002\/","title":{"rendered":"USB-C002"},"content":{"rendered":"","protected":false},"excerpt":{"rendered":"<p>Memoria USB<\/p>\n<p>Dise\u00f1o especial para proyectos en 2D y 3D.<br \/>\nDisponible en distintas capacidades (2, 4, 8, 16, 32 y m\u00e1s GB).<br \/>\nProducci\u00f3n m\u00ednima: 100 piezas (mismo dise\u00f1o y misma capacidad).<br \/>\nTiempo de entrega: Consulta con tu ejecutivo.<\/p>\n<p>Todas las marcas registradas, im\u00e1genes comerciales y\/o logotipos que se incluyen, son \u00fanicamente utilizados para fines ilustrativos, no nos pertenecen, quedando exentos de cualquier responsabilidad.<\/p>","protected":false},"featured_media":42677,"comment_status":"closed","ping_status":"closed","template":"","meta":[],"genre":[],"product_cat":[380,398],"product_tag":[],"class_list":{"0":"post-42678","1":"product","2":"type-product","3":"status-publish","4":"has-post-thumbnail","6":"product_cat-usb","7":"product_cat-ver-todo-tecnologia","9":"first","10":"instock","11":"shipping-taxable","12":"purchasable","13":"product-type-simple"},"_links":{"self":[{"href":"https:\/\/amgpromocionales.mx\/en\/wp-json\/wp\/v2\/product\/42678","targetHints":{"allow":["GET"]}}],"collection":[{"href":"https:\/\/amgpromocionales.mx\/en\/wp-json\/wp\/v2\/product"}],"about":[{"href":"https:\/\/amgpromocionales.mx\/en\/wp-json\/wp\/v2\/types\/product"}],"replies":[{"embeddable":true,"href":"https:\/\/amgpromocionales.mx\/en\/wp-json\/wp\/v2\/comments?post=42678"}],"wp:featuredmedia":[{"embeddable":true,"href":"https:\/\/amgpromocionales.mx\/en\/wp-json\/wp\/v2\/media\/42677"}],"wp:attachment":[{"href":"https:\/\/amgpromocionales.mx\/en\/wp-json\/wp\/v2\/media?parent=42678"}],"wp:term":[{"taxonomy":"product_brand","embeddable":true,"href":"https:\/\/amgpromocionales.mx\/en\/wp-json\/wp\/v2\/genre?post=42678"},{"taxonomy":"product_cat","embeddable":true,"href":"https:\/\/amgpromocionales.mx\/en\/wp-json\/wp\/v2\/product_cat?post=42678"},{"taxonomy":"product_tag","embeddable":true,"href":"https:\/\/amgpromocionales.mx\/en\/wp-json\/wp\/v2\/product_tag?post=42678"}],"curies":[{"name":"wp","href":"https:\/\/api.w.org\/{rel}","templated":true}]}}