{"id":42422,"date":"2025-01-15T10:12:13","date_gmt":"2025-01-15T16:12:13","guid":{"rendered":"https:\/\/amgpromocionales.com.mx\/?post_type=product&#038;p=42422"},"modified":"2025-01-21T00:29:58","modified_gmt":"2025-01-21T06:29:58","slug":"usb207","status":"publish","type":"product","link":"https:\/\/amgpromocionales.mx\/en\/shop\/usb207\/","title":{"rendered":"USB207"},"content":{"rendered":"","protected":false},"excerpt":{"rendered":"<p>&#8216;<br \/>\nUSB HALO 16GB<\/p>\n<p>Memoria USB giratoria con clip met\u00e1lico acabado cepillado, el centro se ilumina por medio de LED, generando un efecto de halo blanco.<\/p>\n<p>\t\tMaterial<br \/>\n\t\tMedidas cm<br \/>\n\t\tPeso<\/p>\n<p>\t\tMetal y pl\u00e1stico<br \/>\n\t\t7.6 x 4.3 x 1.3<br \/>\n\t\t&#8211;<\/p>\n<p>T\u00e9cnica Impresi\u00f3n<br \/>\nCompatibilidad<br \/>\nVersi\u00f3n USB<\/p>\n<p>\tGrabado l\u00e1ser, serigraf\u00eda y tampograf\u00eda<br \/>\n\tWindows, MacOS y Linux<br \/>\n\t2.0<\/p>","protected":false},"featured_media":42449,"comment_status":"closed","ping_status":"closed","template":"","meta":[],"genre":[],"product_cat":[380,398],"product_tag":[],"class_list":{"0":"post-42422","1":"product","2":"type-product","3":"status-publish","4":"has-post-thumbnail","6":"product_cat-usb","7":"product_cat-ver-todo-tecnologia","9":"first","10":"instock","11":"shipping-taxable","12":"purchasable","13":"product-type-variable"},"_links":{"self":[{"href":"https:\/\/amgpromocionales.mx\/en\/wp-json\/wp\/v2\/product\/42422","targetHints":{"allow":["GET"]}}],"collection":[{"href":"https:\/\/amgpromocionales.mx\/en\/wp-json\/wp\/v2\/product"}],"about":[{"href":"https:\/\/amgpromocionales.mx\/en\/wp-json\/wp\/v2\/types\/product"}],"replies":[{"embeddable":true,"href":"https:\/\/amgpromocionales.mx\/en\/wp-json\/wp\/v2\/comments?post=42422"}],"wp:featuredmedia":[{"embeddable":true,"href":"https:\/\/amgpromocionales.mx\/en\/wp-json\/wp\/v2\/media\/42449"}],"wp:attachment":[{"href":"https:\/\/amgpromocionales.mx\/en\/wp-json\/wp\/v2\/media?parent=42422"}],"wp:term":[{"taxonomy":"product_brand","embeddable":true,"href":"https:\/\/amgpromocionales.mx\/en\/wp-json\/wp\/v2\/genre?post=42422"},{"taxonomy":"product_cat","embeddable":true,"href":"https:\/\/amgpromocionales.mx\/en\/wp-json\/wp\/v2\/product_cat?post=42422"},{"taxonomy":"product_tag","embeddable":true,"href":"https:\/\/amgpromocionales.mx\/en\/wp-json\/wp\/v2\/product_tag?post=42422"}],"curies":[{"name":"wp","href":"https:\/\/api.w.org\/{rel}","templated":true}]}}