{"id":42351,"date":"2025-01-15T10:07:25","date_gmt":"2025-01-15T16:07:25","guid":{"rendered":"https:\/\/amgpromocionales.com.mx\/?post_type=product&#038;p=42351"},"modified":"2025-01-21T00:30:02","modified_gmt":"2025-01-21T06:30:02","slug":"usb135","status":"publish","type":"product","link":"https:\/\/amgpromocionales.mx\/en\/shop\/usb135\/","title":{"rendered":"USB135"},"content":{"rendered":"","protected":false},"excerpt":{"rendered":"<p>&#8216;<br \/>\nUSB SPACE 8GB<br \/>\nMemoria USB multifuncional con se\u00f1alador l\u00e1ser y l\u00e1mpara LED blanco, con mecanismo giratorio.<\/p>\n<p>Material<br \/>\nMedidas cm<br \/>\nPeso<\/p>\n<p>Pl\u00e1stico<br \/>\n7.6 \u00d7 4.3 \u00d7 1.3<br \/>\n&#8211;<\/p>\n<th nowrap=\"nowrap\">T\u00e9cnica Impresi\u00f3n<br \/>\nCompatibilidad<\/p>\n<th nowrap=\"nowrap\">Versi\u00f3n USB<\/p>\n<p>Serigraf\u00eda y tampograf\u00eda<br \/>\nWindows, MacOS y Linux<br \/>\n2.0<\/p>","protected":false},"featured_media":42390,"comment_status":"closed","ping_status":"closed","template":"","meta":[],"genre":[],"product_cat":[380,398],"product_tag":[],"class_list":{"0":"post-42351","1":"product","2":"type-product","3":"status-publish","4":"has-post-thumbnail","6":"product_cat-usb","7":"product_cat-ver-todo-tecnologia","9":"first","10":"instock","11":"shipping-taxable","12":"purchasable","13":"product-type-variable"},"_links":{"self":[{"href":"https:\/\/amgpromocionales.mx\/en\/wp-json\/wp\/v2\/product\/42351","targetHints":{"allow":["GET"]}}],"collection":[{"href":"https:\/\/amgpromocionales.mx\/en\/wp-json\/wp\/v2\/product"}],"about":[{"href":"https:\/\/amgpromocionales.mx\/en\/wp-json\/wp\/v2\/types\/product"}],"replies":[{"embeddable":true,"href":"https:\/\/amgpromocionales.mx\/en\/wp-json\/wp\/v2\/comments?post=42351"}],"wp:featuredmedia":[{"embeddable":true,"href":"https:\/\/amgpromocionales.mx\/en\/wp-json\/wp\/v2\/media\/42390"}],"wp:attachment":[{"href":"https:\/\/amgpromocionales.mx\/en\/wp-json\/wp\/v2\/media?parent=42351"}],"wp:term":[{"taxonomy":"product_brand","embeddable":true,"href":"https:\/\/amgpromocionales.mx\/en\/wp-json\/wp\/v2\/genre?post=42351"},{"taxonomy":"product_cat","embeddable":true,"href":"https:\/\/amgpromocionales.mx\/en\/wp-json\/wp\/v2\/product_cat?post=42351"},{"taxonomy":"product_tag","embeddable":true,"href":"https:\/\/amgpromocionales.mx\/en\/wp-json\/wp\/v2\/product_tag?post=42351"}],"curies":[{"name":"wp","href":"https:\/\/api.w.org\/{rel}","templated":true}]}}