{"id":42177,"date":"2025-01-15T10:04:02","date_gmt":"2025-01-15T16:04:02","guid":{"rendered":"https:\/\/amgpromocionales.com.mx\/?post_type=product&#038;p=42177"},"modified":"2025-01-21T00:30:17","modified_gmt":"2025-01-21T06:30:17","slug":"usb101","status":"publish","type":"product","link":"https:\/\/amgpromocionales.mx\/en\/shop\/usb101\/","title":{"rendered":"USB101"},"content":{"rendered":"","protected":false},"excerpt":{"rendered":"<p>&#8216;<br \/>\nUSB LUXURY ICE 8GB<br \/>\nMemoria USB con estilo cl\u00e1sico, cuerpo fabricado en acr\u00edlico transparente. Dise\u00f1ado para usar con llavero,<br \/>\nIncluye cord\u00f3n del mismo color que la tapa de la USB.<\/p>\n<p>Material<br \/>\nMedidas cm<br \/>\nPeso<\/p>\n<p>Acr\u00edlico<br \/>\n7 \u00d7 2 \u00d7 0.7<br \/>\n&#8211;<\/p>\n<th nowrap=\"nowrap\">T\u00e9cnica Impresi\u00f3n<br \/>\nCompatibilidad<\/p>\n<th nowrap=\"nowrap\">Versi\u00f3n USB<\/p>\n<p>Serigraf\u00eda y tampograf\u00eda<br \/>\nWindows, MacOS y Linux<br \/>\n2.0<\/p>","protected":false},"featured_media":42197,"comment_status":"closed","ping_status":"closed","template":"","meta":[],"genre":[],"product_cat":[380,398],"product_tag":[],"class_list":{"0":"post-42177","1":"product","2":"type-product","3":"status-publish","4":"has-post-thumbnail","6":"product_cat-usb","7":"product_cat-ver-todo-tecnologia","9":"first","10":"instock","11":"shipping-taxable","12":"purchasable","13":"product-type-variable"},"_links":{"self":[{"href":"https:\/\/amgpromocionales.mx\/en\/wp-json\/wp\/v2\/product\/42177","targetHints":{"allow":["GET"]}}],"collection":[{"href":"https:\/\/amgpromocionales.mx\/en\/wp-json\/wp\/v2\/product"}],"about":[{"href":"https:\/\/amgpromocionales.mx\/en\/wp-json\/wp\/v2\/types\/product"}],"replies":[{"embeddable":true,"href":"https:\/\/amgpromocionales.mx\/en\/wp-json\/wp\/v2\/comments?post=42177"}],"wp:featuredmedia":[{"embeddable":true,"href":"https:\/\/amgpromocionales.mx\/en\/wp-json\/wp\/v2\/media\/42197"}],"wp:attachment":[{"href":"https:\/\/amgpromocionales.mx\/en\/wp-json\/wp\/v2\/media?parent=42177"}],"wp:term":[{"taxonomy":"product_brand","embeddable":true,"href":"https:\/\/amgpromocionales.mx\/en\/wp-json\/wp\/v2\/genre?post=42177"},{"taxonomy":"product_cat","embeddable":true,"href":"https:\/\/amgpromocionales.mx\/en\/wp-json\/wp\/v2\/product_cat?post=42177"},{"taxonomy":"product_tag","embeddable":true,"href":"https:\/\/amgpromocionales.mx\/en\/wp-json\/wp\/v2\/product_tag?post=42177"}],"curies":[{"name":"wp","href":"https:\/\/api.w.org\/{rel}","templated":true}]}}