{"id":41981,"date":"2025-01-15T09:50:17","date_gmt":"2025-01-15T15:50:17","guid":{"rendered":"https:\/\/amgpromocionales.com.mx\/?post_type=product&#038;p=41981"},"modified":"2025-01-21T00:31:18","modified_gmt":"2025-01-21T06:31:18","slug":"usb067","status":"publish","type":"product","link":"https:\/\/amgpromocionales.mx\/en\/shop\/usb067\/","title":{"rendered":"USB067"},"content":{"rendered":"","protected":false},"excerpt":{"rendered":"<p>&#8216;<br \/>\nUSB CLIP 4GB<\/p>\n<p>Memoria USB con clip de metal giratorio y carcasa de madera.<br \/>\nNo incluye cord\u00f3n.<\/p>\n<p>Disponible en:<br \/>\n<a class=\"fourgb\" href=\"https:\/\/usbtechnology.mx\/producto\/USB067\" target=\"_blank\" rel=\"noopener noreferrer\">4 GB<\/a> <a class=\"eightgb\" href=\"https:\/\/usbtechnology.mx\/producto\/USB066\" target=\"_blank\" rel=\"noopener noreferrer\">8 GB<\/a><\/p>\n<p>\t\tMaterial<br \/>\n\t\tMedidas cm<br \/>\n\t\tPeso<\/p>\n<p>\t\tMetal y madera<br \/>\n\t\t5.5 \u00d7 1.6 \u00d7 1<br \/>\n\t\t&#8211;<\/p>\n<p>T\u00e9cnica Impresi\u00f3n<br \/>\nCompatibilidad<br \/>\nVersi\u00f3n USB<\/p>\n<p>\tGrabado l\u00e1ser, serigraf\u00eda, tampograf\u00eda y\/o gota de resina<\/p>\n<p>\tWindows, MacOS y Linux<br \/>\n\t2.0<\/p>","protected":false},"featured_media":42027,"comment_status":"closed","ping_status":"closed","template":"","meta":[],"genre":[],"product_cat":[380,398],"product_tag":[],"class_list":{"0":"post-41981","1":"product","2":"type-product","3":"status-publish","4":"has-post-thumbnail","6":"product_cat-usb","7":"product_cat-ver-todo-tecnologia","9":"first","10":"instock","11":"shipping-taxable","12":"purchasable","13":"product-type-variable"},"_links":{"self":[{"href":"https:\/\/amgpromocionales.mx\/en\/wp-json\/wp\/v2\/product\/41981","targetHints":{"allow":["GET"]}}],"collection":[{"href":"https:\/\/amgpromocionales.mx\/en\/wp-json\/wp\/v2\/product"}],"about":[{"href":"https:\/\/amgpromocionales.mx\/en\/wp-json\/wp\/v2\/types\/product"}],"replies":[{"embeddable":true,"href":"https:\/\/amgpromocionales.mx\/en\/wp-json\/wp\/v2\/comments?post=41981"}],"wp:featuredmedia":[{"embeddable":true,"href":"https:\/\/amgpromocionales.mx\/en\/wp-json\/wp\/v2\/media\/42027"}],"wp:attachment":[{"href":"https:\/\/amgpromocionales.mx\/en\/wp-json\/wp\/v2\/media?parent=41981"}],"wp:term":[{"taxonomy":"product_brand","embeddable":true,"href":"https:\/\/amgpromocionales.mx\/en\/wp-json\/wp\/v2\/genre?post=41981"},{"taxonomy":"product_cat","embeddable":true,"href":"https:\/\/amgpromocionales.mx\/en\/wp-json\/wp\/v2\/product_cat?post=41981"},{"taxonomy":"product_tag","embeddable":true,"href":"https:\/\/amgpromocionales.mx\/en\/wp-json\/wp\/v2\/product_tag?post=41981"}],"curies":[{"name":"wp","href":"https:\/\/api.w.org\/{rel}","templated":true}]}}