{"id":41979,"date":"2025-01-15T09:50:16","date_gmt":"2025-01-15T15:50:16","guid":{"rendered":"https:\/\/amgpromocionales.com.mx\/?post_type=product&#038;p=41979"},"modified":"2025-01-21T00:31:19","modified_gmt":"2025-01-21T06:31:19","slug":"usb075","status":"publish","type":"product","link":"https:\/\/amgpromocionales.mx\/en\/shop\/usb075\/","title":{"rendered":"USB075"},"content":{"rendered":"","protected":false},"excerpt":{"rendered":"<p>&#8216;<br \/>\nUSB IRON-MINI 8GB<\/p>\n<p>Memoria USB con cuerpo 100% de metal cromado y mecanismo giratorio, con aro para llavero.<\/p>\n<p>\t\tMaterial<br \/>\n\t\tMedidas cm<br \/>\n\t\tPeso<\/p>\n<p>\t\tMetal<br \/>\n\t\t4 x 1.4 x 0.6<br \/>\n\t\t&#8211;<\/p>\n<p>T\u00e9cnica Impresi\u00f3n<br \/>\nCompatibilidad<br \/>\nVersi\u00f3n USB<\/p>\n<p>\tGrabado l\u00e1ser, serigraf\u00eda y tampograf\u00eda<br \/>\n\tWindows, MacOS y Linux<br \/>\n\t2.0<\/p>","protected":false},"featured_media":42021,"comment_status":"closed","ping_status":"closed","template":"","meta":[],"genre":[],"product_cat":[380,398],"product_tag":[],"class_list":{"0":"post-41979","1":"product","2":"type-product","3":"status-publish","4":"has-post-thumbnail","6":"product_cat-usb","7":"product_cat-ver-todo-tecnologia","9":"first","10":"instock","11":"shipping-taxable","12":"purchasable","13":"product-type-variable"},"_links":{"self":[{"href":"https:\/\/amgpromocionales.mx\/en\/wp-json\/wp\/v2\/product\/41979","targetHints":{"allow":["GET"]}}],"collection":[{"href":"https:\/\/amgpromocionales.mx\/en\/wp-json\/wp\/v2\/product"}],"about":[{"href":"https:\/\/amgpromocionales.mx\/en\/wp-json\/wp\/v2\/types\/product"}],"replies":[{"embeddable":true,"href":"https:\/\/amgpromocionales.mx\/en\/wp-json\/wp\/v2\/comments?post=41979"}],"wp:featuredmedia":[{"embeddable":true,"href":"https:\/\/amgpromocionales.mx\/en\/wp-json\/wp\/v2\/media\/42021"}],"wp:attachment":[{"href":"https:\/\/amgpromocionales.mx\/en\/wp-json\/wp\/v2\/media?parent=41979"}],"wp:term":[{"taxonomy":"product_brand","embeddable":true,"href":"https:\/\/amgpromocionales.mx\/en\/wp-json\/wp\/v2\/genre?post=41979"},{"taxonomy":"product_cat","embeddable":true,"href":"https:\/\/amgpromocionales.mx\/en\/wp-json\/wp\/v2\/product_cat?post=41979"},{"taxonomy":"product_tag","embeddable":true,"href":"https:\/\/amgpromocionales.mx\/en\/wp-json\/wp\/v2\/product_tag?post=41979"}],"curies":[{"name":"wp","href":"https:\/\/api.w.org\/{rel}","templated":true}]}}