{"id":41957,"date":"2025-01-15T09:49:53","date_gmt":"2025-01-15T15:49:53","guid":{"rendered":"https:\/\/amgpromocionales.com.mx\/?post_type=product&#038;p=41957"},"modified":"2025-01-21T00:31:20","modified_gmt":"2025-01-21T06:31:20","slug":"usb063","status":"publish","type":"product","link":"https:\/\/amgpromocionales.mx\/en\/shop\/usb063\/","title":{"rendered":"USB063"},"content":{"rendered":"","protected":false},"excerpt":{"rendered":"<p>&#8216;<br \/>\nUSB CLIP 4GB<br \/>\nMemoria USB llavero con protector de piel y carcasa de metal, haciendo de una USB elegante y discreta.Disponible en:<br \/>\n<a class=\"fourgb\" href=\"https:\/\/usbtechnology.mx\/producto\/USB063\" target=\"_blank\" rel=\"noopener noreferrer\">4 GB<\/a> <a class=\"eightgb\" href=\"https:\/\/usbtechnology.mx\/producto\/USB095\" target=\"_blank\" rel=\"noopener noreferrer\">8 GB<\/a><\/p>\n<p>Material<br \/>\nMedidas cm<br \/>\nPeso<\/p>\n<p>Piel y metal<br \/>\n11.5 \u00d7 2.5 \u00d7 1<br \/>\n&#8211;<\/p>\n<th nowrap=\"nowrap\">T\u00e9cnica Impresi\u00f3n<br \/>\nCompatibilidad<\/p>\n<th nowrap=\"nowrap\">Versi\u00f3n USB<\/p>\n<p>Grabado l\u00e1ser, serigraf\u00eda y tampograf\u00eda<br \/>\nWindows, MacOS y Linux<br \/>\n2.0<\/p>","protected":false},"featured_media":42015,"comment_status":"closed","ping_status":"closed","template":"","meta":[],"genre":[],"product_cat":[380,398],"product_tag":[],"class_list":{"0":"post-41957","1":"product","2":"type-product","3":"status-publish","4":"has-post-thumbnail","6":"product_cat-usb","7":"product_cat-ver-todo-tecnologia","9":"first","10":"instock","11":"shipping-taxable","12":"purchasable","13":"product-type-variable"},"_links":{"self":[{"href":"https:\/\/amgpromocionales.mx\/en\/wp-json\/wp\/v2\/product\/41957","targetHints":{"allow":["GET"]}}],"collection":[{"href":"https:\/\/amgpromocionales.mx\/en\/wp-json\/wp\/v2\/product"}],"about":[{"href":"https:\/\/amgpromocionales.mx\/en\/wp-json\/wp\/v2\/types\/product"}],"replies":[{"embeddable":true,"href":"https:\/\/amgpromocionales.mx\/en\/wp-json\/wp\/v2\/comments?post=41957"}],"wp:featuredmedia":[{"embeddable":true,"href":"https:\/\/amgpromocionales.mx\/en\/wp-json\/wp\/v2\/media\/42015"}],"wp:attachment":[{"href":"https:\/\/amgpromocionales.mx\/en\/wp-json\/wp\/v2\/media?parent=41957"}],"wp:term":[{"taxonomy":"product_brand","embeddable":true,"href":"https:\/\/amgpromocionales.mx\/en\/wp-json\/wp\/v2\/genre?post=41957"},{"taxonomy":"product_cat","embeddable":true,"href":"https:\/\/amgpromocionales.mx\/en\/wp-json\/wp\/v2\/product_cat?post=41957"},{"taxonomy":"product_tag","embeddable":true,"href":"https:\/\/amgpromocionales.mx\/en\/wp-json\/wp\/v2\/product_tag?post=41957"}],"curies":[{"name":"wp","href":"https:\/\/api.w.org\/{rel}","templated":true}]}}