{"id":41934,"date":"2025-01-15T09:49:30","date_gmt":"2025-01-15T15:49:30","guid":{"rendered":"https:\/\/amgpromocionales.com.mx\/?post_type=product&#038;p=41934"},"modified":"2025-01-21T00:31:21","modified_gmt":"2025-01-21T06:31:21","slug":"usb059","status":"publish","type":"product","link":"https:\/\/amgpromocionales.mx\/en\/shop\/usb059\/","title":{"rendered":"USB059"},"content":{"rendered":"","protected":false},"excerpt":{"rendered":"<p>&#8216;<br \/>\nUSB CORAZ\u00d3N 4GB<\/p>\n<p>Memoria USB con forma de coraz\u00f3n en acabado rojo brillante, cuenta con orificio para colgarse. Ideal para momentos especiales (Bodas, San Valentin, d\u00eda de las madres y m\u00e1s).<br \/>\nNo incluye estuche.<\/p>\n<p>Disponible en:<br \/>\n<a class=\"fourgb\" href=\"https:\/\/usbtechnology.mx\/producto\/USB059\" target=\"_blank\" rel=\"noopener noreferrer\">4 GB<\/a>\u00a0<a class=\"eightgb\" href=\"https:\/\/usbtechnology.mx\/producto\/USB103\/\" target=\"_blank\" rel=\"noopener noreferrer\">8 GB<\/a><\/p>\n<p>\t\tMaterial<br \/>\n\t\tMedidas cm<br \/>\n\t\tPeso<\/p>\n<p>\t\tPl\u00e1stico<br \/>\n\t\t4.8 \u00d7 4.3 \u00d7 1.4<br \/>\n\t\t&#8211;<\/p>\n<p>T\u00e9cnica Impresi\u00f3n<br \/>\nCompatibilidad<br \/>\nVersi\u00f3n USB<\/p>\n<p>\tTampograf\u00eda<br \/>\n\tWindows, MacOS y Linux<br \/>\n\t2.0<\/p>","protected":false},"featured_media":41990,"comment_status":"closed","ping_status":"closed","template":"","meta":[],"genre":[],"product_cat":[380,398],"product_tag":[],"class_list":{"0":"post-41934","1":"product","2":"type-product","3":"status-publish","4":"has-post-thumbnail","6":"product_cat-usb","7":"product_cat-ver-todo-tecnologia","9":"first","10":"instock","11":"shipping-taxable","12":"purchasable","13":"product-type-variable"},"_links":{"self":[{"href":"https:\/\/amgpromocionales.mx\/en\/wp-json\/wp\/v2\/product\/41934","targetHints":{"allow":["GET"]}}],"collection":[{"href":"https:\/\/amgpromocionales.mx\/en\/wp-json\/wp\/v2\/product"}],"about":[{"href":"https:\/\/amgpromocionales.mx\/en\/wp-json\/wp\/v2\/types\/product"}],"replies":[{"embeddable":true,"href":"https:\/\/amgpromocionales.mx\/en\/wp-json\/wp\/v2\/comments?post=41934"}],"wp:featuredmedia":[{"embeddable":true,"href":"https:\/\/amgpromocionales.mx\/en\/wp-json\/wp\/v2\/media\/41990"}],"wp:attachment":[{"href":"https:\/\/amgpromocionales.mx\/en\/wp-json\/wp\/v2\/media?parent=41934"}],"wp:term":[{"taxonomy":"product_brand","embeddable":true,"href":"https:\/\/amgpromocionales.mx\/en\/wp-json\/wp\/v2\/genre?post=41934"},{"taxonomy":"product_cat","embeddable":true,"href":"https:\/\/amgpromocionales.mx\/en\/wp-json\/wp\/v2\/product_cat?post=41934"},{"taxonomy":"product_tag","embeddable":true,"href":"https:\/\/amgpromocionales.mx\/en\/wp-json\/wp\/v2\/product_tag?post=41934"}],"curies":[{"name":"wp","href":"https:\/\/api.w.org\/{rel}","templated":true}]}}