{"id":41921,"date":"2025-01-15T09:49:06","date_gmt":"2025-01-15T15:49:06","guid":{"rendered":"https:\/\/amgpromocionales.com.mx\/?post_type=product&#038;p=41921"},"modified":"2025-01-21T00:31:23","modified_gmt":"2025-01-21T06:31:23","slug":"usb054","status":"publish","type":"product","link":"https:\/\/amgpromocionales.mx\/en\/shop\/usb054\/","title":{"rendered":"USB054"},"content":{"rendered":"","protected":false},"excerpt":{"rendered":"<p>&#8216;<br \/>\nUSB LE\u00d3N 4GB<\/p>\n<p>Memoria USB llavero de piel con broche que otorga elegancia y formalidad.<\/p>\n<p>Disponible en:<br \/>\n<a class=\"fourgb\" href=\"https:\/\/usbtechnology.mx\/producto\/USB054\" target=\"_blank\" rel=\"noopener noreferrer\">4 GB<\/a> <a class=\"eightgb\" href=\"https:\/\/usbtechnology.mx\/producto\/USB070\" target=\"_blank\" rel=\"noopener noreferrer\">8 GB<\/a><\/p>\n<p>\t\tMaterial<br \/>\n\t\tMedidas cm<br \/>\n\t\tPeso<\/p>\n<p>\t\tPiel y metal<br \/>\n\t\t13.4 \u00d7 3 \u00d7 0.5<br \/>\n\t\t&#8211;<\/p>\n<p>T\u00e9cnica Impresi\u00f3n<br \/>\nCompatibilidad<br \/>\nVersi\u00f3n USB<\/p>\n<p>\tGrabado l\u00e1ser, serigraf\u00eda y tampograf\u00eda<br \/>\n\tWindows, MacOS y Linux<br \/>\n\t2.0<\/p>","protected":false},"featured_media":41962,"comment_status":"closed","ping_status":"closed","template":"","meta":[],"genre":[],"product_cat":[380,398],"product_tag":[],"class_list":{"0":"post-41921","1":"product","2":"type-product","3":"status-publish","4":"has-post-thumbnail","6":"product_cat-usb","7":"product_cat-ver-todo-tecnologia","9":"first","10":"instock","11":"shipping-taxable","12":"purchasable","13":"product-type-variable"},"_links":{"self":[{"href":"https:\/\/amgpromocionales.mx\/en\/wp-json\/wp\/v2\/product\/41921","targetHints":{"allow":["GET"]}}],"collection":[{"href":"https:\/\/amgpromocionales.mx\/en\/wp-json\/wp\/v2\/product"}],"about":[{"href":"https:\/\/amgpromocionales.mx\/en\/wp-json\/wp\/v2\/types\/product"}],"replies":[{"embeddable":true,"href":"https:\/\/amgpromocionales.mx\/en\/wp-json\/wp\/v2\/comments?post=41921"}],"wp:featuredmedia":[{"embeddable":true,"href":"https:\/\/amgpromocionales.mx\/en\/wp-json\/wp\/v2\/media\/41962"}],"wp:attachment":[{"href":"https:\/\/amgpromocionales.mx\/en\/wp-json\/wp\/v2\/media?parent=41921"}],"wp:term":[{"taxonomy":"product_brand","embeddable":true,"href":"https:\/\/amgpromocionales.mx\/en\/wp-json\/wp\/v2\/genre?post=41921"},{"taxonomy":"product_cat","embeddable":true,"href":"https:\/\/amgpromocionales.mx\/en\/wp-json\/wp\/v2\/product_cat?post=41921"},{"taxonomy":"product_tag","embeddable":true,"href":"https:\/\/amgpromocionales.mx\/en\/wp-json\/wp\/v2\/product_tag?post=41921"}],"curies":[{"name":"wp","href":"https:\/\/api.w.org\/{rel}","templated":true}]}}