{"id":41896,"date":"2025-01-15T09:48:45","date_gmt":"2025-01-15T15:48:45","guid":{"rendered":"https:\/\/amgpromocionales.com.mx\/?post_type=product&#038;p=41896"},"modified":"2025-01-21T00:31:24","modified_gmt":"2025-01-21T06:31:24","slug":"usb051","status":"publish","type":"product","link":"https:\/\/amgpromocionales.mx\/en\/shop\/usb051\/","title":{"rendered":"USB051"},"content":{"rendered":"","protected":false},"excerpt":{"rendered":"<p>&#8216;<br \/>\nUSB BAMB\u00da 4GB<\/p>\n<p>Memoria USB ecol\u00f3gica hecha 100% de bamb\u00fa con forma rectangular, la tapa se sujeta mediante im\u00e1n.<\/p>\n<p>Disponible en:<br \/>\n<a class=\"fourgb\" href=\"https:\/\/usbtechnology.mx\/producto\/USB051\" target=\"_blank\" rel=\"noopener noreferrer\">4 GB<\/a> <a class=\"eightgb\" href=\"https:\/\/usbtechnology.mx\/producto\/USB112\" target=\"_blank\" rel=\"noopener noreferrer\">8 GB<\/a> <a class=\"sixteengb\" href=\"https:\/\/usbtechnology.mx\/producto\/USB208\" target=\"_blank\" rel=\"noopener noreferrer\">16 GB<\/a> <a class=\"thirtytwogb\" href=\"https:\/\/usbtechnology.mx\/producto\/USB303\" target=\"_blank\" rel=\"noopener noreferrer\">32 GB<\/a><\/p>\n<p>\t\tMaterial<br \/>\n\t\tMedidas cm<br \/>\n\t\tPeso<\/p>\n<p>\t\tMadera<br \/>\n\t\t6 \u00d7 2 \u00d7 1<br \/>\n\t\t&#8211;<\/p>\n<p>T\u00e9cnica Impresi\u00f3n<br \/>\nCompatibilidad<br \/>\nVersi\u00f3n USB<\/p>\n<p>\tGrabado l\u00e1ser, serigraf\u00eda y tampograf\u00eda<br \/>\n\tWindows, MacOS y Linux<br \/>\n\t2.0<\/p>","protected":false},"featured_media":41952,"comment_status":"closed","ping_status":"closed","template":"","meta":[],"genre":[],"product_cat":[380,398],"product_tag":[],"class_list":{"0":"post-41896","1":"product","2":"type-product","3":"status-publish","4":"has-post-thumbnail","6":"product_cat-usb","7":"product_cat-ver-todo-tecnologia","9":"first","10":"instock","11":"shipping-taxable","12":"purchasable","13":"product-type-variable"},"_links":{"self":[{"href":"https:\/\/amgpromocionales.mx\/en\/wp-json\/wp\/v2\/product\/41896","targetHints":{"allow":["GET"]}}],"collection":[{"href":"https:\/\/amgpromocionales.mx\/en\/wp-json\/wp\/v2\/product"}],"about":[{"href":"https:\/\/amgpromocionales.mx\/en\/wp-json\/wp\/v2\/types\/product"}],"replies":[{"embeddable":true,"href":"https:\/\/amgpromocionales.mx\/en\/wp-json\/wp\/v2\/comments?post=41896"}],"wp:featuredmedia":[{"embeddable":true,"href":"https:\/\/amgpromocionales.mx\/en\/wp-json\/wp\/v2\/media\/41952"}],"wp:attachment":[{"href":"https:\/\/amgpromocionales.mx\/en\/wp-json\/wp\/v2\/media?parent=41896"}],"wp:term":[{"taxonomy":"product_brand","embeddable":true,"href":"https:\/\/amgpromocionales.mx\/en\/wp-json\/wp\/v2\/genre?post=41896"},{"taxonomy":"product_cat","embeddable":true,"href":"https:\/\/amgpromocionales.mx\/en\/wp-json\/wp\/v2\/product_cat?post=41896"},{"taxonomy":"product_tag","embeddable":true,"href":"https:\/\/amgpromocionales.mx\/en\/wp-json\/wp\/v2\/product_tag?post=41896"}],"curies":[{"name":"wp","href":"https:\/\/api.w.org\/{rel}","templated":true}]}}