{"id":41895,"date":"2025-01-15T09:48:44","date_gmt":"2025-01-15T15:48:44","guid":{"rendered":"https:\/\/amgpromocionales.com.mx\/?post_type=product&#038;p=41895"},"modified":"2025-01-21T00:31:25","modified_gmt":"2025-01-21T06:31:25","slug":"usb050","status":"publish","type":"product","link":"https:\/\/amgpromocionales.mx\/en\/shop\/usb050\/","title":{"rendered":"USB050"},"content":{"rendered":"","protected":false},"excerpt":{"rendered":"<p>&#8216;<br \/>\nUSB OVAL 4GB<\/p>\n<p>Memoria USB con forma ovalada, hecha de madera y tapa con im\u00e1n.<br \/>\nIncluye cadena con aro para llavero.<\/p>\n<p>Disponible en:<br \/>\n<a class=\"fourgb\" href=\"https:\/\/usbtechnology.mx\/producto\/usb050\/\" target=\"_blank\" rel=\"noopener noreferrer\">4 GB<\/a> <a class=\"eightgb\" href=\"https:\/\/usbtechnology.mx\/producto\/usb052\/\" target=\"_blank\" rel=\"noopener noreferrer\">8 GB<\/a> <a class=\"sixteengb\" href=\"https:\/\/usbtechnology.mx\/producto\/usb221\/\" target=\"_blank\" rel=\"noopener noreferrer\">16 GB<\/a> <a class=\"thirtytwogb\" href=\"https:\/\/usbtechnology.mx\/producto\/usb307\/\" target=\"_blank\" rel=\"noopener noreferrer\">32 GB<\/a> <a class=\"sixtyfourgb\" href=\"https:\/\/usbtechnology.mx\/producto\/usb406-ma\/\" target=\"_blank\" rel=\"noopener noreferrer\">64 GB<\/a><\/p>\n<p>\t\tMaterial<br \/>\n\t\tMedidas cm<br \/>\n\t\tPeso<\/p>\n<p>\t\tMadera<br \/>\n\t\t6 \u00d7 3.3 \u00d7 1<br \/>\n\t\t&#8211;<\/p>\n<p>T\u00e9cnica Impresi\u00f3n<br \/>\nCompatibilidad<br \/>\nVersi\u00f3n USB<\/p>\n<p>\tGrabado l\u00e1ser, serigraf\u00eda y tampograf\u00eda<br \/>\n\tWindows, MacOS y Linux<br \/>\n\t2.0<\/p>","protected":false},"featured_media":41949,"comment_status":"closed","ping_status":"closed","template":"","meta":[],"genre":[],"product_cat":[380,398],"product_tag":[],"class_list":{"0":"post-41895","1":"product","2":"type-product","3":"status-publish","4":"has-post-thumbnail","6":"product_cat-usb","7":"product_cat-ver-todo-tecnologia","9":"first","10":"instock","11":"shipping-taxable","12":"purchasable","13":"product-type-variable"},"_links":{"self":[{"href":"https:\/\/amgpromocionales.mx\/en\/wp-json\/wp\/v2\/product\/41895","targetHints":{"allow":["GET"]}}],"collection":[{"href":"https:\/\/amgpromocionales.mx\/en\/wp-json\/wp\/v2\/product"}],"about":[{"href":"https:\/\/amgpromocionales.mx\/en\/wp-json\/wp\/v2\/types\/product"}],"replies":[{"embeddable":true,"href":"https:\/\/amgpromocionales.mx\/en\/wp-json\/wp\/v2\/comments?post=41895"}],"wp:featuredmedia":[{"embeddable":true,"href":"https:\/\/amgpromocionales.mx\/en\/wp-json\/wp\/v2\/media\/41949"}],"wp:attachment":[{"href":"https:\/\/amgpromocionales.mx\/en\/wp-json\/wp\/v2\/media?parent=41895"}],"wp:term":[{"taxonomy":"product_brand","embeddable":true,"href":"https:\/\/amgpromocionales.mx\/en\/wp-json\/wp\/v2\/genre?post=41895"},{"taxonomy":"product_cat","embeddable":true,"href":"https:\/\/amgpromocionales.mx\/en\/wp-json\/wp\/v2\/product_cat?post=41895"},{"taxonomy":"product_tag","embeddable":true,"href":"https:\/\/amgpromocionales.mx\/en\/wp-json\/wp\/v2\/product_tag?post=41895"}],"curies":[{"name":"wp","href":"https:\/\/api.w.org\/{rel}","templated":true}]}}