{"id":41893,"date":"2025-01-15T09:48:44","date_gmt":"2025-01-15T15:48:44","guid":{"rendered":"https:\/\/amgpromocionales.com.mx\/?post_type=product&#038;p=41893"},"modified":"2025-01-21T00:31:25","modified_gmt":"2025-01-21T06:31:25","slug":"usb048","status":"publish","type":"product","link":"https:\/\/amgpromocionales.mx\/en\/shop\/usb048\/","title":{"rendered":"USB048"},"content":{"rendered":"","protected":false},"excerpt":{"rendered":"<p>&#8216;<br \/>\nUSB LONDON GIRATORIA 2GB<\/p>\n<p>Memoria USB con clip de metal giratorio y carcasa de pl\u00e1stico duradero disponible en varios colores.<br \/>\nIncluye cord\u00f3n del mismo color de la USB.<\/p>\n<p>Disponible en:<br \/>\n<br \/>\n<a class=\"twogb\" href=\"https:\/\/usbtechnology.mx\/producto\/USB048\" target=\"_blank\" rel=\"noopener noreferrer\">2 GB<\/a> <a class=\"fourgb\" href=\"https:\/\/usbtechnology.mx\/producto\/usb010\/\" target=\"_blank\" rel=\"noopener noreferrer\">4 GB<\/a> <a class=\"eightgb\" href=\"https:\/\/usbtechnology.mx\/producto\/usb080\/\" target=\"_blank\" rel=\"noopener noreferrer\">8 GB<\/a> <a class=\"sixteengb\" href=\"https:\/\/usbtechnology.mx\/producto\/usb029\/\" target=\"_blank\" rel=\"noopener noreferrer\">16 GB<\/a> <a class=\"fc-sixteengb\" href=\"https:\/\/usbtechnology.mx\/producto\/usb200\/\" target=\"_blank\" rel=\"noopener noreferrer\">16 GB<\/a> <a class=\"thirtytwogb\" href=\"https:\/\/usbtechnology.mx\/producto\/usb300\/\" target=\"_blank\" rel=\"noopener noreferrer\">32 GB<\/a> <a class=\"sixtyfourgb\" href=\"https:\/\/usbtechnology.mx\/producto\/usb400\/\" target=\"_blank\" rel=\"noopener noreferrer\">64 GB<\/a> <a class=\"onehundredtwentyeightgb\" href=\"https:\/\/usbtechnology.mx\/producto\/USB500\" target=\"_blank\" rel=\"noopener noreferrer\">128 GB<\/a><br \/>\n<\/p>\n<div class=\"fullcolor\">\n<img decoding=\"async\" src=\"https:\/\/usbtechnology.mx\/wp-content\/uploads\/Full_Color_Pre-Datso-sobre-info080-350x196.png\" alt=\"\" width=\"50\" height=\"29\"\/><\/p>\n<div class=\"pantone\">\n<img decoding=\"async\" src=\"https:\/\/usbtechnology.mx\/wp-content\/uploads\/SeekPng.com_diseo-png_4040746.png\" alt=\"Smiley face\" width=\"42\" height=\"42\" style=\"vertical-align:middle;margin:0px 0px\"><br \/>\n<\/p>\n<\/div\n\n<\/p>\n<p>\t\tMaterial<br \/>\n\t\tMedidas cm<br \/>\n\t\tPeso<\/p>\n<p>\t\tMetal y pl\u00e1stico<\/p>\n<p>\t\t5.6 \u00d7 1.8 \u00d7 1 <\/p>\n<p>\t\t&#8211;<\/p>\n<p>T\u00e9cnica Impresi\u00f3n<br \/>\nCompatibilidad<br \/>\nVersi\u00f3n USB<\/p>\n<p>\tGrabado l\u00e1ser, serigraf\u00eda, tampograf\u00eda y\/o gota de resina<br \/>\n\tWindows, MacOS y Linux<br \/>\n\t2.0<\/p>","protected":false},"featured_media":41928,"comment_status":"closed","ping_status":"closed","template":"","meta":[],"genre":[],"product_cat":[380,398],"product_tag":[],"class_list":{"0":"post-41893","1":"product","2":"type-product","3":"status-publish","4":"has-post-thumbnail","6":"product_cat-usb","7":"product_cat-ver-todo-tecnologia","9":"first","10":"instock","11":"shipping-taxable","12":"purchasable","13":"product-type-variable"},"_links":{"self":[{"href":"https:\/\/amgpromocionales.mx\/en\/wp-json\/wp\/v2\/product\/41893","targetHints":{"allow":["GET"]}}],"collection":[{"href":"https:\/\/amgpromocionales.mx\/en\/wp-json\/wp\/v2\/product"}],"about":[{"href":"https:\/\/amgpromocionales.mx\/en\/wp-json\/wp\/v2\/types\/product"}],"replies":[{"embeddable":true,"href":"https:\/\/amgpromocionales.mx\/en\/wp-json\/wp\/v2\/comments?post=41893"}],"wp:featuredmedia":[{"embeddable":true,"href":"https:\/\/amgpromocionales.mx\/en\/wp-json\/wp\/v2\/media\/41928"}],"wp:attachment":[{"href":"https:\/\/amgpromocionales.mx\/en\/wp-json\/wp\/v2\/media?parent=41893"}],"wp:term":[{"taxonomy":"product_brand","embeddable":true,"href":"https:\/\/amgpromocionales.mx\/en\/wp-json\/wp\/v2\/genre?post=41893"},{"taxonomy":"product_cat","embeddable":true,"href":"https:\/\/amgpromocionales.mx\/en\/wp-json\/wp\/v2\/product_cat?post=41893"},{"taxonomy":"product_tag","embeddable":true,"href":"https:\/\/amgpromocionales.mx\/en\/wp-json\/wp\/v2\/product_tag?post=41893"}],"curies":[{"name":"wp","href":"https:\/\/api.w.org\/{rel}","templated":true}]}}