{"id":41683,"date":"2025-01-15T09:45:31","date_gmt":"2025-01-15T15:45:31","guid":{"rendered":"https:\/\/amgpromocionales.com.mx\/?post_type=product&#038;p=41683"},"modified":"2025-01-21T00:31:37","modified_gmt":"2025-01-21T06:31:37","slug":"usb017","status":"publish","type":"product","link":"https:\/\/amgpromocionales.mx\/en\/shop\/usb017\/","title":{"rendered":"USB017"},"content":{"rendered":"","protected":false},"excerpt":{"rendered":"<p>&#8216;<br \/>\nLONDON OTG 4GB<br \/>\nMemoria USB compatible con smartphone Android, cuenta con dos conectores USB a PC y USB a smartphone (OTG).<\/p>\n<p>Material<br \/>\nMedidas cm<br \/>\nPeso<\/p>\n<p>Metal y pl\u00e1stico<br \/>\n7 x 1.9 x 1<br \/>\n&#8211;<\/p>\n<th nowrap=\"nowrap\">T\u00e9cnica Impresi\u00f3n<br \/>\nCompatibilidad<\/p>\n<th nowrap=\"nowrap\">Versi\u00f3n USB<\/p>\n<p>Grabado l\u00e1ser, serigraf\u00eda, tampograf\u00eda y\/o gota de resina<br \/>\nAndroid, Windows, MacOS y Linux<br \/>\n2.0<\/p>","protected":false},"featured_media":41749,"comment_status":"closed","ping_status":"closed","template":"","meta":[],"genre":[],"product_cat":[380,398],"product_tag":[],"class_list":{"0":"post-41683","1":"product","2":"type-product","3":"status-publish","4":"has-post-thumbnail","6":"product_cat-usb","7":"product_cat-ver-todo-tecnologia","9":"first","10":"instock","11":"shipping-taxable","12":"purchasable","13":"product-type-variable"},"_links":{"self":[{"href":"https:\/\/amgpromocionales.mx\/en\/wp-json\/wp\/v2\/product\/41683","targetHints":{"allow":["GET"]}}],"collection":[{"href":"https:\/\/amgpromocionales.mx\/en\/wp-json\/wp\/v2\/product"}],"about":[{"href":"https:\/\/amgpromocionales.mx\/en\/wp-json\/wp\/v2\/types\/product"}],"replies":[{"embeddable":true,"href":"https:\/\/amgpromocionales.mx\/en\/wp-json\/wp\/v2\/comments?post=41683"}],"wp:featuredmedia":[{"embeddable":true,"href":"https:\/\/amgpromocionales.mx\/en\/wp-json\/wp\/v2\/media\/41749"}],"wp:attachment":[{"href":"https:\/\/amgpromocionales.mx\/en\/wp-json\/wp\/v2\/media?parent=41683"}],"wp:term":[{"taxonomy":"product_brand","embeddable":true,"href":"https:\/\/amgpromocionales.mx\/en\/wp-json\/wp\/v2\/genre?post=41683"},{"taxonomy":"product_cat","embeddable":true,"href":"https:\/\/amgpromocionales.mx\/en\/wp-json\/wp\/v2\/product_cat?post=41683"},{"taxonomy":"product_tag","embeddable":true,"href":"https:\/\/amgpromocionales.mx\/en\/wp-json\/wp\/v2\/product_tag?post=41683"}],"curies":[{"name":"wp","href":"https:\/\/api.w.org\/{rel}","templated":true}]}}