{"id":41547,"date":"2025-01-15T00:56:00","date_gmt":"2025-01-15T06:56:00","guid":{"rendered":"https:\/\/amgpromocionales.com.mx\/?post_type=product&#038;p=41547"},"modified":"2025-01-21T00:19:04","modified_gmt":"2025-01-21T06:19:04","slug":"tec095","status":"publish","type":"product","link":"https:\/\/amgpromocionales.mx\/en\/shop\/tec095\/","title":{"rendered":"TEC095"},"content":{"rendered":"","protected":false},"excerpt":{"rendered":"<p>&#8216;<br \/>\nBASE DE CARGA INAL\u00c1MBRICA VERTICAL<\/p>\n<p>Base de carga r\u00e1pida inal\u00e1mbrica. Compatible con dispositivos con tecnolog\u00eda Qi.<\/p>\n<p>\t\t\t\tMaterial<br \/>\n\t\t\t\tMedidas<\/p>\n<p>\t\t\t\tPl\u00e1stico<br \/>\n\t\t\t\t11 x 8.5 x 7cm<\/p>\n<p>\t\t\t\tT\u00e9cnica Impresi\u00f3n<\/p>\n<p>\t\t\t\tTampograf\u00eda y serigraf\u00eda<\/p>","protected":false},"featured_media":41576,"comment_status":"closed","ping_status":"closed","template":"","meta":[],"genre":[],"product_cat":[337,398],"product_tag":[],"class_list":{"0":"post-41547","1":"product","2":"type-product","3":"status-publish","4":"has-post-thumbnail","6":"product_cat-accesorios-para-celular","7":"product_cat-ver-todo-tecnologia","9":"first","10":"instock","11":"shipping-taxable","12":"purchasable","13":"product-type-variable"},"_links":{"self":[{"href":"https:\/\/amgpromocionales.mx\/en\/wp-json\/wp\/v2\/product\/41547","targetHints":{"allow":["GET"]}}],"collection":[{"href":"https:\/\/amgpromocionales.mx\/en\/wp-json\/wp\/v2\/product"}],"about":[{"href":"https:\/\/amgpromocionales.mx\/en\/wp-json\/wp\/v2\/types\/product"}],"replies":[{"embeddable":true,"href":"https:\/\/amgpromocionales.mx\/en\/wp-json\/wp\/v2\/comments?post=41547"}],"wp:featuredmedia":[{"embeddable":true,"href":"https:\/\/amgpromocionales.mx\/en\/wp-json\/wp\/v2\/media\/41576"}],"wp:attachment":[{"href":"https:\/\/amgpromocionales.mx\/en\/wp-json\/wp\/v2\/media?parent=41547"}],"wp:term":[{"taxonomy":"product_brand","embeddable":true,"href":"https:\/\/amgpromocionales.mx\/en\/wp-json\/wp\/v2\/genre?post=41547"},{"taxonomy":"product_cat","embeddable":true,"href":"https:\/\/amgpromocionales.mx\/en\/wp-json\/wp\/v2\/product_cat?post=41547"},{"taxonomy":"product_tag","embeddable":true,"href":"https:\/\/amgpromocionales.mx\/en\/wp-json\/wp\/v2\/product_tag?post=41547"}],"curies":[{"name":"wp","href":"https:\/\/api.w.org\/{rel}","templated":true}]}}