{"id":41465,"date":"2025-01-15T00:54:44","date_gmt":"2025-01-15T06:54:44","guid":{"rendered":"https:\/\/amgpromocionales.com.mx\/?post_type=product&#038;p=41465"},"modified":"2025-01-21T00:21:36","modified_gmt":"2025-01-21T06:21:36","slug":"tec080","status":"publish","type":"product","link":"https:\/\/amgpromocionales.mx\/en\/shop\/tec080\/","title":{"rendered":"TEC080"},"content":{"rendered":"","protected":false},"excerpt":{"rendered":"<p>&#8216;<br \/>\nBOCINA BLUETOOTH ELEMENT  HI-FI<\/p>\n<p>Bocina Bluetooth con bater\u00eda recargable de alta fidelidad con estuche met\u00e1lico incluido. Funci\u00f3n manos libres integrada para llamadas tel\u00e9fonicas. Rango de conexi\u00f3n 10 metros. Incluye cable USB con entrada para Android y lector de tarjetas micro USB.                          <\/p>\n<p>\t\t\t\tMaterial<br \/>\n\t\t\t\tMedidas<\/p>\n<p>\t\t\t\tMetal<br \/>\n\t\t\t\t9 x 3.3cm<\/p>\n<p>\t\t\t\tT\u00e9cnica Impresi\u00f3n<br \/>\n\t\t\t\tCompatibilidad<\/p>\n<p>\t\t\t\tTampograf\u00eda<br \/>\n\t\t\t\tiOS, Android y notebook<\/p>","protected":false},"featured_media":41500,"comment_status":"closed","ping_status":"closed","template":"","meta":[],"genre":[],"product_cat":[319,398],"product_tag":[],"class_list":{"0":"post-41465","1":"product","2":"type-product","3":"status-publish","4":"has-post-thumbnail","6":"product_cat-bocinas","7":"product_cat-ver-todo-tecnologia","9":"first","10":"instock","11":"shipping-taxable","12":"purchasable","13":"product-type-variable"},"_links":{"self":[{"href":"https:\/\/amgpromocionales.mx\/en\/wp-json\/wp\/v2\/product\/41465","targetHints":{"allow":["GET"]}}],"collection":[{"href":"https:\/\/amgpromocionales.mx\/en\/wp-json\/wp\/v2\/product"}],"about":[{"href":"https:\/\/amgpromocionales.mx\/en\/wp-json\/wp\/v2\/types\/product"}],"replies":[{"embeddable":true,"href":"https:\/\/amgpromocionales.mx\/en\/wp-json\/wp\/v2\/comments?post=41465"}],"wp:featuredmedia":[{"embeddable":true,"href":"https:\/\/amgpromocionales.mx\/en\/wp-json\/wp\/v2\/media\/41500"}],"wp:attachment":[{"href":"https:\/\/amgpromocionales.mx\/en\/wp-json\/wp\/v2\/media?parent=41465"}],"wp:term":[{"taxonomy":"product_brand","embeddable":true,"href":"https:\/\/amgpromocionales.mx\/en\/wp-json\/wp\/v2\/genre?post=41465"},{"taxonomy":"product_cat","embeddable":true,"href":"https:\/\/amgpromocionales.mx\/en\/wp-json\/wp\/v2\/product_cat?post=41465"},{"taxonomy":"product_tag","embeddable":true,"href":"https:\/\/amgpromocionales.mx\/en\/wp-json\/wp\/v2\/product_tag?post=41465"}],"curies":[{"name":"wp","href":"https:\/\/api.w.org\/{rel}","templated":true}]}}