{"id":41253,"date":"2025-01-15T00:45:17","date_gmt":"2025-01-15T06:45:17","guid":{"rendered":"https:\/\/amgpromocionales.com.mx\/?post_type=product&#038;p=41253"},"modified":"2025-01-21T00:21:37","modified_gmt":"2025-01-21T06:21:37","slug":"tec041","status":"publish","type":"product","link":"https:\/\/amgpromocionales.mx\/en\/shop\/tec041\/","title":{"rendered":"TEC041"},"content":{"rendered":"","protected":false},"excerpt":{"rendered":"<p>&#8216;<br \/>\nBOCINA BLUETOOTH ORBIT HI-FI<\/p>\n<p>Bocina Bluetooth con bater\u00eda recargable de alta fidelidad con acabado rubber. Funci\u00f3n manos libres integrada para llamadas tel\u00e9fonicas.Rango de conexi\u00f3n 10 metros.Incluye cable cargador USB.<\/p>\n<p>\t\t\t\tMaterial<br \/>\n\t\t\t\tMedidas<\/p>\n<p>\t\t\t\tMetal con pl\u00e1stico acabado rubber<br \/>\n\t\t\t\t7.5 x 5.2cm8.5 X 4.5cm<\/p>\n<p>\t\t\t\tT\u00e9cnica Impresi\u00f3n<br \/>\n\t\t\t\tCompatibilidad<\/p>\n<p>\t\t\t\tGota de resina, tampograf\u00eda y serigraf\u00eda<br \/>\n\t\t\t\tiOS, Android y notebook<\/p>","protected":false},"featured_media":41290,"comment_status":"closed","ping_status":"closed","template":"","meta":[],"genre":[],"product_cat":[319,398],"product_tag":[],"class_list":{"0":"post-41253","1":"product","2":"type-product","3":"status-publish","4":"has-post-thumbnail","6":"product_cat-bocinas","7":"product_cat-ver-todo-tecnologia","9":"first","10":"instock","11":"shipping-taxable","12":"purchasable","13":"product-type-variable"},"_links":{"self":[{"href":"https:\/\/amgpromocionales.mx\/en\/wp-json\/wp\/v2\/product\/41253","targetHints":{"allow":["GET"]}}],"collection":[{"href":"https:\/\/amgpromocionales.mx\/en\/wp-json\/wp\/v2\/product"}],"about":[{"href":"https:\/\/amgpromocionales.mx\/en\/wp-json\/wp\/v2\/types\/product"}],"replies":[{"embeddable":true,"href":"https:\/\/amgpromocionales.mx\/en\/wp-json\/wp\/v2\/comments?post=41253"}],"wp:featuredmedia":[{"embeddable":true,"href":"https:\/\/amgpromocionales.mx\/en\/wp-json\/wp\/v2\/media\/41290"}],"wp:attachment":[{"href":"https:\/\/amgpromocionales.mx\/en\/wp-json\/wp\/v2\/media?parent=41253"}],"wp:term":[{"taxonomy":"product_brand","embeddable":true,"href":"https:\/\/amgpromocionales.mx\/en\/wp-json\/wp\/v2\/genre?post=41253"},{"taxonomy":"product_cat","embeddable":true,"href":"https:\/\/amgpromocionales.mx\/en\/wp-json\/wp\/v2\/product_cat?post=41253"},{"taxonomy":"product_tag","embeddable":true,"href":"https:\/\/amgpromocionales.mx\/en\/wp-json\/wp\/v2\/product_tag?post=41253"}],"curies":[{"name":"wp","href":"https:\/\/api.w.org\/{rel}","templated":true}]}}