{"id":41181,"date":"2025-01-15T00:43:35","date_gmt":"2025-01-15T06:43:35","guid":{"rendered":"https:\/\/amgpromocionales.com.mx\/?post_type=product&#038;p=41181"},"modified":"2025-01-21T00:21:38","modified_gmt":"2025-01-21T06:21:38","slug":"tec031","status":"publish","type":"product","link":"https:\/\/amgpromocionales.mx\/en\/shop\/tec031\/","title":{"rendered":"TEC031"},"content":{"rendered":"","protected":false},"excerpt":{"rendered":"<p>&#8216;<br \/>\nBOCINA BLUETOOTH PUCK HI-FI<\/p>\n<p>Bocina Bluetooth con bater\u00eda recargable de alta fidelidad y correa de silicona para colgar. Incorpora funci\u00f3n manos libres para llamadas tel\u00e9fonicas. Rango de conexi\u00f3n 10 metros. Se incluye cable cargador USB<\/p>\n<p>\t\t\t\tMaterial<br \/>\n\t\t\t\tMedidas<\/p>\n<p>\t\t\t\tPl\u00e1stico y metal<br \/>\n\t\t\t\t8.5 X 4.5cm<\/p>\n<p>\t\t\t\tT\u00e9cnica Impresi\u00f3n<br \/>\n\t\t\t\tCompatibilidad<\/p>\n<p>\t\t\t\tTampograf\u00eda y gota de resina.<br \/>\n\t\t\t\tiOS, Android y notebook<\/p>","protected":false},"featured_media":41219,"comment_status":"closed","ping_status":"closed","template":"","meta":[],"genre":[],"product_cat":[319,398],"product_tag":[],"class_list":{"0":"post-41181","1":"product","2":"type-product","3":"status-publish","4":"has-post-thumbnail","6":"product_cat-bocinas","7":"product_cat-ver-todo-tecnologia","9":"first","10":"instock","11":"shipping-taxable","12":"purchasable","13":"product-type-variable"},"_links":{"self":[{"href":"https:\/\/amgpromocionales.mx\/en\/wp-json\/wp\/v2\/product\/41181","targetHints":{"allow":["GET"]}}],"collection":[{"href":"https:\/\/amgpromocionales.mx\/en\/wp-json\/wp\/v2\/product"}],"about":[{"href":"https:\/\/amgpromocionales.mx\/en\/wp-json\/wp\/v2\/types\/product"}],"replies":[{"embeddable":true,"href":"https:\/\/amgpromocionales.mx\/en\/wp-json\/wp\/v2\/comments?post=41181"}],"wp:featuredmedia":[{"embeddable":true,"href":"https:\/\/amgpromocionales.mx\/en\/wp-json\/wp\/v2\/media\/41219"}],"wp:attachment":[{"href":"https:\/\/amgpromocionales.mx\/en\/wp-json\/wp\/v2\/media?parent=41181"}],"wp:term":[{"taxonomy":"product_brand","embeddable":true,"href":"https:\/\/amgpromocionales.mx\/en\/wp-json\/wp\/v2\/genre?post=41181"},{"taxonomy":"product_cat","embeddable":true,"href":"https:\/\/amgpromocionales.mx\/en\/wp-json\/wp\/v2\/product_cat?post=41181"},{"taxonomy":"product_tag","embeddable":true,"href":"https:\/\/amgpromocionales.mx\/en\/wp-json\/wp\/v2\/product_tag?post=41181"}],"curies":[{"name":"wp","href":"https:\/\/api.w.org\/{rel}","templated":true}]}}