{"id":41077,"date":"2025-01-15T00:34:16","date_gmt":"2025-01-15T06:34:16","guid":{"rendered":"https:\/\/amgpromocionales.com.mx\/?post_type=product&#038;p=41077"},"modified":"2025-01-21T00:21:39","modified_gmt":"2025-01-21T06:21:39","slug":"tec021","status":"publish","type":"product","link":"https:\/\/amgpromocionales.mx\/en\/shop\/tec021\/","title":{"rendered":"TEC021"},"content":{"rendered":"","protected":false},"excerpt":{"rendered":"<p>&#8216;<br \/>\nBOCINA BLUETOOTH AQUA COLORS        <\/p>\n<p>Bocina Bluetooth con bater\u00eda recargable, resistente a salpicaduras de agua y vapor, equipado con ventosa para sujeci\u00f3n en superficies lisas.  Funci\u00f3n de llamadas manos libres. Controles de volumen, reproducci\u00f3n de audio y micr\u00f3fono. Incluye cable cargador USB. Rango de conexi\u00f3n 10 metros.<\/p>\n<p>\t\t\t\tMaterial<br \/>\n\t\t\t\tMedidas<\/p>\n<p>\t\t\t\tPl\u00e1stico acabado rubber<br \/>\n\t\t\t\t8.5cm \u00d8<\/p>\n<p>\t\t\t\tT\u00e9cnica Impresi\u00f3n<br \/>\n\t\t\t\tCompatibilidad<\/p>\n<p>\t\t\t\tTampograf\u00eda<br \/>\n\t\t\t\tiOS, Android y notebook<\/p>","protected":false},"featured_media":41131,"comment_status":"closed","ping_status":"closed","template":"","meta":[],"genre":[],"product_cat":[319,398],"product_tag":[],"class_list":{"0":"post-41077","1":"product","2":"type-product","3":"status-publish","4":"has-post-thumbnail","6":"product_cat-bocinas","7":"product_cat-ver-todo-tecnologia","9":"first","10":"instock","11":"shipping-taxable","12":"purchasable","13":"product-type-variable"},"_links":{"self":[{"href":"https:\/\/amgpromocionales.mx\/en\/wp-json\/wp\/v2\/product\/41077","targetHints":{"allow":["GET"]}}],"collection":[{"href":"https:\/\/amgpromocionales.mx\/en\/wp-json\/wp\/v2\/product"}],"about":[{"href":"https:\/\/amgpromocionales.mx\/en\/wp-json\/wp\/v2\/types\/product"}],"replies":[{"embeddable":true,"href":"https:\/\/amgpromocionales.mx\/en\/wp-json\/wp\/v2\/comments?post=41077"}],"wp:featuredmedia":[{"embeddable":true,"href":"https:\/\/amgpromocionales.mx\/en\/wp-json\/wp\/v2\/media\/41131"}],"wp:attachment":[{"href":"https:\/\/amgpromocionales.mx\/en\/wp-json\/wp\/v2\/media?parent=41077"}],"wp:term":[{"taxonomy":"product_brand","embeddable":true,"href":"https:\/\/amgpromocionales.mx\/en\/wp-json\/wp\/v2\/genre?post=41077"},{"taxonomy":"product_cat","embeddable":true,"href":"https:\/\/amgpromocionales.mx\/en\/wp-json\/wp\/v2\/product_cat?post=41077"},{"taxonomy":"product_tag","embeddable":true,"href":"https:\/\/amgpromocionales.mx\/en\/wp-json\/wp\/v2\/product_tag?post=41077"}],"curies":[{"name":"wp","href":"https:\/\/api.w.org\/{rel}","templated":true}]}}