{"id":41065,"date":"2025-01-15T00:33:53","date_gmt":"2025-01-15T06:33:53","guid":{"rendered":"https:\/\/amgpromocionales.com.mx\/?post_type=product&#038;p=41065"},"modified":"2025-01-21T00:21:39","modified_gmt":"2025-01-21T06:21:39","slug":"tec020","status":"publish","type":"product","link":"https:\/\/amgpromocionales.mx\/en\/shop\/tec020\/","title":{"rendered":"TEC020"},"content":{"rendered":"","protected":false},"excerpt":{"rendered":"<p>&#8216;<br \/>\nBOCINA MET\u00c1LICA CON LUCES LED Y BLUETOOTH OXFORD<\/p>\n<p>Bocina Bluetooth con bater\u00eda recargable, met\u00e1lica con luces LED integradas. Conexi\u00f3n Bluetooth y entrada para tarjeta TF (micro USB). Funci\u00f3n de llamadas manos libres. Compatible con dispositivos m\u00f3viles y computadoras. Rango de conexi\u00f3n 10 metros.<\/p>\n<p>\t\t\t\tMaterial<br \/>\n\t\t\t\tMedidas<\/p>\n<p>\t\t\t\tAluminio<br \/>\n\t\t\t\t13 x 4.5cm<\/p>\n<p>\t\t\t\tT\u00e9cnica Impresi\u00f3n<br \/>\n\t\t\t\tCompatibilidad<\/p>\n<p>\t\t\t\tGrabado l\u00e1ser, serigraf\u00eda y tampograf\u00eda<br \/>\n\t\t\t\tiOS, Android y notebook<\/p>","protected":false},"featured_media":41120,"comment_status":"closed","ping_status":"closed","template":"","meta":[],"genre":[],"product_cat":[319,398],"product_tag":[],"class_list":{"0":"post-41065","1":"product","2":"type-product","3":"status-publish","4":"has-post-thumbnail","6":"product_cat-bocinas","7":"product_cat-ver-todo-tecnologia","9":"first","10":"instock","11":"shipping-taxable","12":"purchasable","13":"product-type-variable"},"_links":{"self":[{"href":"https:\/\/amgpromocionales.mx\/en\/wp-json\/wp\/v2\/product\/41065","targetHints":{"allow":["GET"]}}],"collection":[{"href":"https:\/\/amgpromocionales.mx\/en\/wp-json\/wp\/v2\/product"}],"about":[{"href":"https:\/\/amgpromocionales.mx\/en\/wp-json\/wp\/v2\/types\/product"}],"replies":[{"embeddable":true,"href":"https:\/\/amgpromocionales.mx\/en\/wp-json\/wp\/v2\/comments?post=41065"}],"wp:featuredmedia":[{"embeddable":true,"href":"https:\/\/amgpromocionales.mx\/en\/wp-json\/wp\/v2\/media\/41120"}],"wp:attachment":[{"href":"https:\/\/amgpromocionales.mx\/en\/wp-json\/wp\/v2\/media?parent=41065"}],"wp:term":[{"taxonomy":"product_brand","embeddable":true,"href":"https:\/\/amgpromocionales.mx\/en\/wp-json\/wp\/v2\/genre?post=41065"},{"taxonomy":"product_cat","embeddable":true,"href":"https:\/\/amgpromocionales.mx\/en\/wp-json\/wp\/v2\/product_cat?post=41065"},{"taxonomy":"product_tag","embeddable":true,"href":"https:\/\/amgpromocionales.mx\/en\/wp-json\/wp\/v2\/product_tag?post=41065"}],"curies":[{"name":"wp","href":"https:\/\/api.w.org\/{rel}","templated":true}]}}