{"id":41010,"date":"2025-01-15T00:32:37","date_gmt":"2025-01-15T06:32:37","guid":{"rendered":"https:\/\/amgpromocionales.com.mx\/?post_type=product&#038;p=41010"},"modified":"2025-01-21T00:18:12","modified_gmt":"2025-01-21T06:18:12","slug":"tec011","status":"publish","type":"product","link":"https:\/\/amgpromocionales.mx\/en\/shop\/tec011\/","title":{"rendered":"TEC011"},"content":{"rendered":"","protected":false},"excerpt":{"rendered":"<p>&#8216;<br \/>\nMOUSE BLUETOOTH ERGOCLICK<\/p>\n<p>Mouse inal\u00e1mbrico ergon\u00f3mico plegable, dise\u00f1o moderno y compacto. Plug &#038; play, no requiere drivers para funcionar, solo conecta y listo. Wireless 2.4 GHz. Compatible con Windows XP,Vista, 7, 8, 8.1, 10, MacOSy Linux. Requiere 2 pilas AA, no incluidas.<\/p>\n<p>\t\t\t\tMaterial<br \/>\n\t\t\t\tMedidas<\/p>\n<p>\t\t\t\tPl\u00e1stico acabado rubber<br \/>\n\t\t\t\t8.6 x 3.5cm<\/p>\n<p>\t\t\t\tT\u00e9cnica Impresi\u00f3n\t\t\t<\/p>\n<p>\t\t\t\tSerigraf\u00eda y tampograf\u00eda\t\t\t<\/p>","protected":false},"featured_media":41072,"comment_status":"closed","ping_status":"closed","template":"","meta":[],"genre":[],"product_cat":[378,398],"product_tag":[],"class_list":{"0":"post-41010","1":"product","2":"type-product","3":"status-publish","4":"has-post-thumbnail","6":"product_cat-accesorios-de-computo","7":"product_cat-ver-todo-tecnologia","9":"first","10":"instock","11":"shipping-taxable","12":"purchasable","13":"product-type-variable"},"_links":{"self":[{"href":"https:\/\/amgpromocionales.mx\/en\/wp-json\/wp\/v2\/product\/41010","targetHints":{"allow":["GET"]}}],"collection":[{"href":"https:\/\/amgpromocionales.mx\/en\/wp-json\/wp\/v2\/product"}],"about":[{"href":"https:\/\/amgpromocionales.mx\/en\/wp-json\/wp\/v2\/types\/product"}],"replies":[{"embeddable":true,"href":"https:\/\/amgpromocionales.mx\/en\/wp-json\/wp\/v2\/comments?post=41010"}],"wp:featuredmedia":[{"embeddable":true,"href":"https:\/\/amgpromocionales.mx\/en\/wp-json\/wp\/v2\/media\/41072"}],"wp:attachment":[{"href":"https:\/\/amgpromocionales.mx\/en\/wp-json\/wp\/v2\/media?parent=41010"}],"wp:term":[{"taxonomy":"product_brand","embeddable":true,"href":"https:\/\/amgpromocionales.mx\/en\/wp-json\/wp\/v2\/genre?post=41010"},{"taxonomy":"product_cat","embeddable":true,"href":"https:\/\/amgpromocionales.mx\/en\/wp-json\/wp\/v2\/product_cat?post=41010"},{"taxonomy":"product_tag","embeddable":true,"href":"https:\/\/amgpromocionales.mx\/en\/wp-json\/wp\/v2\/product_tag?post=41010"}],"curies":[{"name":"wp","href":"https:\/\/api.w.org\/{rel}","templated":true}]}}