{"id":40992,"date":"2025-01-15T00:32:12","date_gmt":"2025-01-15T06:32:12","guid":{"rendered":"https:\/\/amgpromocionales.com.mx\/?post_type=product&#038;p=40992"},"modified":"2025-01-21T00:18:13","modified_gmt":"2025-01-21T06:18:13","slug":"tec007","status":"publish","type":"product","link":"https:\/\/amgpromocionales.mx\/en\/shop\/tec007\/","title":{"rendered":"TEC007"},"content":{"rendered":"","protected":false},"excerpt":{"rendered":"<p>&#8216;<br \/>\nMOUSE  AL\u00c1MBRICO SLIMTECH<\/p>\n<p>Mouse \u00f3ptico con acabado goma. Dos botones de acci\u00f3n principal y una rueda de desplazamiento. Luz LED que se prende al estar conectado. Incluye cable retr\u00e1ctil.<\/p>\n<p>\t\t\t\tMaterial<br \/>\n\t\t\t\tMedidas<\/p>\n<p>\t\t\t\tPl\u00e1stico acabado rubber<br \/>\n\t\t\t\t8.5 \u00d7 5.1 \u00d7 1.5 cm<\/p>\n<p>\t\t\t\tT\u00e9cnica Impresi\u00f3n\t\t\t<\/p>\n<p>\t\t\t\tSerigraf\u00eda y tampograf\u00eda\t\t\t<\/p>","protected":false},"featured_media":41045,"comment_status":"closed","ping_status":"closed","template":"","meta":[],"genre":[],"product_cat":[378,398],"product_tag":[],"class_list":{"0":"post-40992","1":"product","2":"type-product","3":"status-publish","4":"has-post-thumbnail","6":"product_cat-accesorios-de-computo","7":"product_cat-ver-todo-tecnologia","9":"first","10":"instock","11":"shipping-taxable","12":"purchasable","13":"product-type-variable"},"_links":{"self":[{"href":"https:\/\/amgpromocionales.mx\/en\/wp-json\/wp\/v2\/product\/40992","targetHints":{"allow":["GET"]}}],"collection":[{"href":"https:\/\/amgpromocionales.mx\/en\/wp-json\/wp\/v2\/product"}],"about":[{"href":"https:\/\/amgpromocionales.mx\/en\/wp-json\/wp\/v2\/types\/product"}],"replies":[{"embeddable":true,"href":"https:\/\/amgpromocionales.mx\/en\/wp-json\/wp\/v2\/comments?post=40992"}],"wp:featuredmedia":[{"embeddable":true,"href":"https:\/\/amgpromocionales.mx\/en\/wp-json\/wp\/v2\/media\/41045"}],"wp:attachment":[{"href":"https:\/\/amgpromocionales.mx\/en\/wp-json\/wp\/v2\/media?parent=40992"}],"wp:term":[{"taxonomy":"product_brand","embeddable":true,"href":"https:\/\/amgpromocionales.mx\/en\/wp-json\/wp\/v2\/genre?post=40992"},{"taxonomy":"product_cat","embeddable":true,"href":"https:\/\/amgpromocionales.mx\/en\/wp-json\/wp\/v2\/product_cat?post=40992"},{"taxonomy":"product_tag","embeddable":true,"href":"https:\/\/amgpromocionales.mx\/en\/wp-json\/wp\/v2\/product_tag?post=40992"}],"curies":[{"name":"wp","href":"https:\/\/api.w.org\/{rel}","templated":true}]}}