{"id":40429,"date":"2025-01-13T00:31:07","date_gmt":"2025-01-13T06:31:07","guid":{"rendered":"https:\/\/amgpromocionales.com.mx\/?post_type=product&#038;p=40429"},"modified":"2025-01-20T23:21:02","modified_gmt":"2025-01-21T05:21:02","slug":"vaso-vte1388","status":"publish","type":"product","link":"https:\/\/amgpromocionales.mx\/en\/shop\/vaso-vte1388\/","title":{"rendered":"VASO VTE1388"},"content":{"rendered":"<p>Vaso t\u00e9rmico de pl\u00e1stico de doble pared libre de BPA, cuenta con manga de silic\u00f3n. CAP. 420 ml. Presentaci\u00f3n: caja en color blanco.<\/p>","protected":false},"excerpt":{"rendered":"<p>Vaso t\u00e9rmico de pl\u00e1stico de doble pared libre de BPA, cuenta con manga de silic\u00f3n. CAP. 420 ml. Presentaci\u00f3n: caja en color blanco.<\/p>","protected":false},"featured_media":20979,"comment_status":"closed","ping_status":"closed","template":"","meta":[],"genre":[],"product_cat":[324,391],"product_tag":[],"class_list":{"0":"post-40429","1":"product","2":"type-product","3":"status-publish","4":"has-post-thumbnail","6":"product_cat-cilindros-y-vasos-bebidas","7":"product_cat-ver-todo-bebidas","9":"first","10":"instock","11":"shipping-taxable","12":"purchasable","13":"product-type-simple"},"_links":{"self":[{"href":"https:\/\/amgpromocionales.mx\/en\/wp-json\/wp\/v2\/product\/40429","targetHints":{"allow":["GET"]}}],"collection":[{"href":"https:\/\/amgpromocionales.mx\/en\/wp-json\/wp\/v2\/product"}],"about":[{"href":"https:\/\/amgpromocionales.mx\/en\/wp-json\/wp\/v2\/types\/product"}],"replies":[{"embeddable":true,"href":"https:\/\/amgpromocionales.mx\/en\/wp-json\/wp\/v2\/comments?post=40429"}],"wp:featuredmedia":[{"embeddable":true,"href":"https:\/\/amgpromocionales.mx\/en\/wp-json\/wp\/v2\/media\/20979"}],"wp:attachment":[{"href":"https:\/\/amgpromocionales.mx\/en\/wp-json\/wp\/v2\/media?parent=40429"}],"wp:term":[{"taxonomy":"product_brand","embeddable":true,"href":"https:\/\/amgpromocionales.mx\/en\/wp-json\/wp\/v2\/genre?post=40429"},{"taxonomy":"product_cat","embeddable":true,"href":"https:\/\/amgpromocionales.mx\/en\/wp-json\/wp\/v2\/product_cat?post=40429"},{"taxonomy":"product_tag","embeddable":true,"href":"https:\/\/amgpromocionales.mx\/en\/wp-json\/wp\/v2\/product_tag?post=40429"}],"curies":[{"name":"wp","href":"https:\/\/api.w.org\/{rel}","templated":true}]}}