{"id":40377,"date":"2025-01-13T00:30:09","date_gmt":"2025-01-13T06:30:09","guid":{"rendered":"https:\/\/amgpromocionales.com.mx\/?post_type=product&#038;p=40377"},"modified":"2025-01-20T23:07:37","modified_gmt":"2025-01-21T05:07:37","slug":"tarro-tt5014","status":"publish","type":"product","link":"https:\/\/amgpromocionales.mx\/en\/shop\/tarro-tt5014\/","title":{"rendered":"TARRO TT5014"},"content":{"rendered":"<p>Tarro t\u00e9rmico de pl\u00e1stico transl\u00facido con interior de acero inoxidable. CAP. 400 ml. Presentaci\u00f3n: caja en color blanco.<\/p>","protected":false},"excerpt":{"rendered":"<p>Tarro t\u00e9rmico de pl\u00e1stico transl\u00facido con interior de acero inoxidable. CAP. 400 ml. Presentaci\u00f3n: caja en color blanco.<\/p>","protected":false},"featured_media":20963,"comment_status":"closed","ping_status":"closed","template":"","meta":[],"genre":[],"product_cat":[323,391],"product_tag":[],"class_list":{"0":"post-40377","1":"product","2":"type-product","3":"status-publish","4":"has-post-thumbnail","6":"product_cat-termos","7":"product_cat-ver-todo-bebidas","9":"first","10":"instock","11":"shipping-taxable","12":"purchasable","13":"product-type-variable"},"_links":{"self":[{"href":"https:\/\/amgpromocionales.mx\/en\/wp-json\/wp\/v2\/product\/40377","targetHints":{"allow":["GET"]}}],"collection":[{"href":"https:\/\/amgpromocionales.mx\/en\/wp-json\/wp\/v2\/product"}],"about":[{"href":"https:\/\/amgpromocionales.mx\/en\/wp-json\/wp\/v2\/types\/product"}],"replies":[{"embeddable":true,"href":"https:\/\/amgpromocionales.mx\/en\/wp-json\/wp\/v2\/comments?post=40377"}],"wp:featuredmedia":[{"embeddable":true,"href":"https:\/\/amgpromocionales.mx\/en\/wp-json\/wp\/v2\/media\/20963"}],"wp:attachment":[{"href":"https:\/\/amgpromocionales.mx\/en\/wp-json\/wp\/v2\/media?parent=40377"}],"wp:term":[{"taxonomy":"product_brand","embeddable":true,"href":"https:\/\/amgpromocionales.mx\/en\/wp-json\/wp\/v2\/genre?post=40377"},{"taxonomy":"product_cat","embeddable":true,"href":"https:\/\/amgpromocionales.mx\/en\/wp-json\/wp\/v2\/product_cat?post=40377"},{"taxonomy":"product_tag","embeddable":true,"href":"https:\/\/amgpromocionales.mx\/en\/wp-json\/wp\/v2\/product_tag?post=40377"}],"curies":[{"name":"wp","href":"https:\/\/api.w.org\/{rel}","templated":true}]}}