{"id":40341,"date":"2025-01-13T00:29:42","date_gmt":"2025-01-13T06:29:42","guid":{"rendered":"https:\/\/amgpromocionales.com.mx\/?post_type=product&#038;p=40341"},"modified":"2025-01-20T22:55:20","modified_gmt":"2025-01-21T04:55:20","slug":"taza-tl201","status":"publish","type":"product","link":"https:\/\/amgpromocionales.mx\/en\/shop\/taza-tl201\/","title":{"rendered":"TAZA TL201"},"content":{"rendered":"<p>Taza de cer\u00e1mica grande de forma redonda. Ideal para servir cereal con leche, sopa, o gran cantidad de caf\u00e9. CAP. 530 ml. (18 OZ). Venta m\u00faltiplos de 12.<\/p>","protected":false},"excerpt":{"rendered":"<p>Taza de cer\u00e1mica grande de forma redonda. Ideal para servir cereal con leche, sopa, o gran cantidad de caf\u00e9. CAP. 530 ml. (18 OZ). Venta m\u00faltiplos de 12.<\/p>","protected":false},"featured_media":20926,"comment_status":"closed","ping_status":"closed","template":"","meta":[],"genre":[],"product_cat":[298,391],"product_tag":[],"class_list":{"0":"post-40341","1":"product","2":"type-product","3":"status-publish","4":"has-post-thumbnail","6":"product_cat-tazas-y-tarros","7":"product_cat-ver-todo-bebidas","9":"first","10":"instock","11":"shipping-taxable","12":"purchasable","13":"product-type-variable"},"_links":{"self":[{"href":"https:\/\/amgpromocionales.mx\/en\/wp-json\/wp\/v2\/product\/40341","targetHints":{"allow":["GET"]}}],"collection":[{"href":"https:\/\/amgpromocionales.mx\/en\/wp-json\/wp\/v2\/product"}],"about":[{"href":"https:\/\/amgpromocionales.mx\/en\/wp-json\/wp\/v2\/types\/product"}],"replies":[{"embeddable":true,"href":"https:\/\/amgpromocionales.mx\/en\/wp-json\/wp\/v2\/comments?post=40341"}],"wp:featuredmedia":[{"embeddable":true,"href":"https:\/\/amgpromocionales.mx\/en\/wp-json\/wp\/v2\/media\/20926"}],"wp:attachment":[{"href":"https:\/\/amgpromocionales.mx\/en\/wp-json\/wp\/v2\/media?parent=40341"}],"wp:term":[{"taxonomy":"product_brand","embeddable":true,"href":"https:\/\/amgpromocionales.mx\/en\/wp-json\/wp\/v2\/genre?post=40341"},{"taxonomy":"product_cat","embeddable":true,"href":"https:\/\/amgpromocionales.mx\/en\/wp-json\/wp\/v2\/product_cat?post=40341"},{"taxonomy":"product_tag","embeddable":true,"href":"https:\/\/amgpromocionales.mx\/en\/wp-json\/wp\/v2\/product_tag?post=40341"}],"curies":[{"name":"wp","href":"https:\/\/api.w.org\/{rel}","templated":true}]}}