{"id":40281,"date":"2025-01-13T00:28:50","date_gmt":"2025-01-13T06:28:50","guid":{"rendered":"https:\/\/amgpromocionales.com.mx\/?post_type=product&#038;p=40281"},"modified":"2025-01-20T22:55:22","modified_gmt":"2025-01-21T04:55:22","slug":"taza-sub103","status":"publish","type":"product","link":"https:\/\/amgpromocionales.mx\/en\/shop\/taza-sub103\/","title":{"rendered":"TAZA SUB103"},"content":{"rendered":"<p>Taza m\u00e1gica c\u00f3nica para sublimaci\u00f3n. El dise\u00f1o aparece al servir agua caliente. CAP. 355 ml (12 OZ). Temperatura y Tiempo sugeridos para sublimar:  190 grados \/ 120 seg. Venta en m\u00faltiplos de 12.<\/p>","protected":false},"excerpt":{"rendered":"<p>Taza m\u00e1gica c\u00f3nica para sublimaci\u00f3n. El dise\u00f1o aparece al servir agua caliente. CAP. 355 ml (12 OZ). Temperatura y Tiempo sugeridos para sublimar: 190 grados \/ 120 seg. Venta en m\u00faltiplos de 12.<\/p>","protected":false},"featured_media":25992,"comment_status":"closed","ping_status":"closed","template":"","meta":[],"genre":[],"product_cat":[298,391],"product_tag":[],"class_list":{"0":"post-40281","1":"product","2":"type-product","3":"status-publish","4":"has-post-thumbnail","6":"product_cat-tazas-y-tarros","7":"product_cat-ver-todo-bebidas","9":"first","10":"instock","11":"shipping-taxable","12":"purchasable","13":"product-type-simple"},"_links":{"self":[{"href":"https:\/\/amgpromocionales.mx\/en\/wp-json\/wp\/v2\/product\/40281","targetHints":{"allow":["GET"]}}],"collection":[{"href":"https:\/\/amgpromocionales.mx\/en\/wp-json\/wp\/v2\/product"}],"about":[{"href":"https:\/\/amgpromocionales.mx\/en\/wp-json\/wp\/v2\/types\/product"}],"replies":[{"embeddable":true,"href":"https:\/\/amgpromocionales.mx\/en\/wp-json\/wp\/v2\/comments?post=40281"}],"wp:featuredmedia":[{"embeddable":true,"href":"https:\/\/amgpromocionales.mx\/en\/wp-json\/wp\/v2\/media\/25992"}],"wp:attachment":[{"href":"https:\/\/amgpromocionales.mx\/en\/wp-json\/wp\/v2\/media?parent=40281"}],"wp:term":[{"taxonomy":"product_brand","embeddable":true,"href":"https:\/\/amgpromocionales.mx\/en\/wp-json\/wp\/v2\/genre?post=40281"},{"taxonomy":"product_cat","embeddable":true,"href":"https:\/\/amgpromocionales.mx\/en\/wp-json\/wp\/v2\/product_cat?post=40281"},{"taxonomy":"product_tag","embeddable":true,"href":"https:\/\/amgpromocionales.mx\/en\/wp-json\/wp\/v2\/product_tag?post=40281"}],"curies":[{"name":"wp","href":"https:\/\/api.w.org\/{rel}","templated":true}]}}