{"id":40250,"date":"2025-01-13T00:28:21","date_gmt":"2025-01-13T06:28:21","guid":{"rendered":"https:\/\/amgpromocionales.com.mx\/?post_type=product&#038;p=40250"},"modified":"2025-01-20T23:49:53","modified_gmt":"2025-01-21T05:49:53","slug":"set-sbc1242","status":"publish","type":"product","link":"https:\/\/amgpromocionales.mx\/en\/shop\/set-sbc1242\/","title":{"rendered":"SET SBC1242"},"content":{"rendered":"<p>Set para caf\u00e9 o t\u00e9 con cucharas y porta tazas de bamb\u00fa, para 2 personas. CAP. por taza: 10 OZ. Presentaci\u00f3n: caja de regalo en color negro. Contenido: 6 Pzas.<\/p>","protected":false},"excerpt":{"rendered":"<p>Set para caf\u00e9 o t\u00e9 con cucharas y porta tazas de bamb\u00fa, para 2 personas. CAP. por taza: 10 OZ. Presentaci\u00f3n: caja de regalo en color negro. Contenido: 6 Pzas.<\/p>","protected":false},"featured_media":22929,"comment_status":"closed","ping_status":"closed","template":"","meta":[],"genre":[],"product_cat":[296,394],"product_tag":[],"class_list":{"0":"post-40250","1":"product","2":"type-product","3":"status-publish","4":"has-post-thumbnail","6":"product_cat-accesorios-de-cocina","7":"product_cat-ver-todo-hogar","9":"first","10":"instock","11":"shipping-taxable","12":"purchasable","13":"product-type-simple"},"_links":{"self":[{"href":"https:\/\/amgpromocionales.mx\/en\/wp-json\/wp\/v2\/product\/40250","targetHints":{"allow":["GET"]}}],"collection":[{"href":"https:\/\/amgpromocionales.mx\/en\/wp-json\/wp\/v2\/product"}],"about":[{"href":"https:\/\/amgpromocionales.mx\/en\/wp-json\/wp\/v2\/types\/product"}],"replies":[{"embeddable":true,"href":"https:\/\/amgpromocionales.mx\/en\/wp-json\/wp\/v2\/comments?post=40250"}],"wp:featuredmedia":[{"embeddable":true,"href":"https:\/\/amgpromocionales.mx\/en\/wp-json\/wp\/v2\/media\/22929"}],"wp:attachment":[{"href":"https:\/\/amgpromocionales.mx\/en\/wp-json\/wp\/v2\/media?parent=40250"}],"wp:term":[{"taxonomy":"product_brand","embeddable":true,"href":"https:\/\/amgpromocionales.mx\/en\/wp-json\/wp\/v2\/genre?post=40250"},{"taxonomy":"product_cat","embeddable":true,"href":"https:\/\/amgpromocionales.mx\/en\/wp-json\/wp\/v2\/product_cat?post=40250"},{"taxonomy":"product_tag","embeddable":true,"href":"https:\/\/amgpromocionales.mx\/en\/wp-json\/wp\/v2\/product_tag?post=40250"}],"curies":[{"name":"wp","href":"https:\/\/api.w.org\/{rel}","templated":true}]}}